{"id":837,"date":"2019-08-22T12:40:10","date_gmt":"2019-08-22T10:40:10","guid":{"rendered":"https:\/\/gamasverdes.com\/bebidas-alcoholicas\/"},"modified":"2019-09-10T10:41:04","modified_gmt":"2019-09-10T08:41:04","slug":"bebidas-alcoolicas","status":"publish","type":"page","link":"https:\/\/gamasverdes.com\/pt-pt\/bebidas-alcoolicas\/","title":{"rendered":"Bebidas alco\u00f3licas"},"content":{"rendered":"\r\n<section class=\"sh-section sh-section-ae2ad4b76396c39f5e9f4d39cd5db6b7 fw-main-row sh-section-visibility-everywhere\">\r\n\t\r\n\t\r\n\t<div class=\"sh-section-container container\">\r\n\t\t<div class=\"fw-row\">\n\t\r\n<div class=\"sh-column sh-column-6d8fbec12c9983894c9cb5d830b37bfb fw-col-xs-12\" >\r\n\r\n\t\r\n\t<div class=\"sh-column-wrapper\">\r\n\t\t\r\n<div id=\"text-block-c8066726f734de23c989f5f0a4da0e08\" class=\"sh-text-block\">\r\n\t<h1>BEBIDAS ALCO\u00d3LICAS<\/h1><h4>Bebidas com alto valor alco\u00f3lico<\/h4><h4>Bebidas com baixo teor alco\u00f3lico<\/h4><\/div>\r\n\r\n<div id=\"text-block-214465d1f46fec1190a2a6cef7ba9da4\" class=\"sh-text-block\">\r\n\t<p>Ado\u00e7antes para o setor de bebidas alco\u00f3licas s\u00e3o formula\u00e7\u00f5es muito espec\u00edficas. Criamos solu\u00e7\u00f5es ado\u00e7antes que se adaptam perfeitamente ao produto, neste caso as bebidas alco\u00f3licas. \u00c9 necess\u00e1rio levar em considera\u00e7\u00e3o o tipo de bebida alco\u00f3lica a que a formula\u00e7\u00e3o do ado\u00e7ante se destina, j\u00e1 que um fator-chave \u00e9 o grau de \u00e1lcool, por isso diferenciamos bebidas alco\u00f3licas de alta qualidade e bebidas alco\u00f3licas de baixa qualidade. Al\u00e9m disso, outros pontos para a cria\u00e7\u00e3o personalizada da solu\u00e7\u00e3o de ado\u00e7ante s\u00e3o: cor, sabor, brilho ... de cada produto por indiv\u00edduo.<\/p><\/div>\r\n\t<\/div>\r\n\r\n\r\n\t\t\r\n\r\n<\/div>\r\n<\/div>\n\n\t<\/div>\r\n<\/section>\r\n\n","protected":false},"excerpt":{"rendered":"<p>BEBIDAS ALCO\u00d3LICASBebidas com alto valor alco\u00f3licoBebidas com baixo teor alco\u00f3lico Ado\u00e7antes para o setor de bebidas alco\u00f3licas s\u00e3o formula\u00e7\u00f5es muito espec\u00edficas. Criamos solu\u00e7\u00f5es ado\u00e7antes que se adaptam perfeitamente ao produto, neste caso as bebidas alco\u00f3licas. \u00c9 necess\u00e1rio levar em considera\u00e7\u00e3o o tipo de bebida alco\u00f3lica&#8230;<\/p>\n","protected":false},"author":1,"featured_media":0,"parent":0,"menu_order":0,"comment_status":"closed","ping_status":"closed","template":"","meta":[],"yoast_head":"<!-- This site is optimized with the Yoast SEO plugin v16.9 - https:\/\/yoast.com\/wordpress\/plugins\/seo\/ -->\n<title>Bebidas alco\u00f3licas | Gamas Verdes<\/title>\n<meta name=\"robots\" content=\"index, follow, max-snippet:-1, max-image-preview:large, max-video-preview:-1\" \/>\n<link rel=\"canonical\" href=\"https:\/\/gamasverdes.com\/pt-pt\/bebidas-alcoolicas\/\" \/>\n<meta property=\"og:locale\" content=\"pt_PT\" \/>\n<meta property=\"og:type\" content=\"article\" \/>\n<meta property=\"og:title\" content=\"Bebidas alco\u00f3licas | Gamas Verdes\" \/>\n<meta property=\"og:description\" content=\"BEBIDAS ALCO\u00d3LICASBebidas com alto valor alco\u00f3licoBebidas com baixo teor alco\u00f3lico Ado\u00e7antes para o setor de bebidas alco\u00f3licas s\u00e3o formula\u00e7\u00f5es muito espec\u00edficas. Criamos solu\u00e7\u00f5es ado\u00e7antes que se adaptam perfeitamente ao produto, neste caso as bebidas alco\u00f3licas. \u00c9 necess\u00e1rio levar em considera\u00e7\u00e3o o tipo de bebida alco\u00f3lica...\" \/>\n<meta property=\"og:url\" content=\"https:\/\/gamasverdes.com\/pt-pt\/bebidas-alcoolicas\/\" \/>\n<meta property=\"og:site_name\" content=\"Gamas Verdes\" \/>\n<meta property=\"article:modified_time\" content=\"2019-09-10T08:41:04+00:00\" \/>\n<meta name=\"twitter:card\" content=\"summary_large_image\" \/>\n<meta name=\"twitter:label1\" content=\"Tempo estimado de leitura\" \/>\n\t<meta name=\"twitter:data1\" content=\"1 minuto\" \/>\n<script type=\"application\/ld+json\" class=\"yoast-schema-graph\">{\"@context\":\"https:\/\/schema.org\",\"@graph\":[{\"@type\":\"Organization\",\"@id\":\"https:\/\/gamasverdes.com\/#organization\",\"name\":\"Gamas Verdes\",\"url\":\"https:\/\/gamasverdes.com\/\",\"sameAs\":[],\"logo\":{\"@type\":\"ImageObject\",\"@id\":\"https:\/\/gamasverdes.com\/#logo\",\"inLanguage\":\"pt-PT\",\"url\":\"https:\/\/gamasverdes.com\/wp-content\/uploads\/2019\/08\/gamas-verdes-azucar-aditivos.png\",\"contentUrl\":\"https:\/\/gamasverdes.com\/wp-content\/uploads\/2019\/08\/gamas-verdes-azucar-aditivos.png\",\"width\":305,\"height\":247,\"caption\":\"Gamas Verdes\"},\"image\":{\"@id\":\"https:\/\/gamasverdes.com\/#logo\"}},{\"@type\":\"WebSite\",\"@id\":\"https:\/\/gamasverdes.com\/#website\",\"url\":\"https:\/\/gamasverdes.com\/\",\"name\":\"Gamas Verdes\",\"description\":\"Az\\u00facares l\\u00edquidos, org\\u00e1nicos, aditivos alimentarios y aditivos ecol\\u00f3gicos.\",\"publisher\":{\"@id\":\"https:\/\/gamasverdes.com\/#organization\"},\"potentialAction\":[{\"@type\":\"SearchAction\",\"target\":{\"@type\":\"EntryPoint\",\"urlTemplate\":\"https:\/\/gamasverdes.com\/?s={search_term_string}\"},\"query-input\":\"required name=search_term_string\"}],\"inLanguage\":\"pt-PT\"},{\"@type\":\"WebPage\",\"@id\":\"https:\/\/gamasverdes.com\/pt-pt\/bebidas-alcoolicas\/#webpage\",\"url\":\"https:\/\/gamasverdes.com\/pt-pt\/bebidas-alcoolicas\/\",\"name\":\"Bebidas alco\\u00f3licas | Gamas Verdes\",\"isPartOf\":{\"@id\":\"https:\/\/gamasverdes.com\/#website\"},\"datePublished\":\"2019-08-22T10:40:10+00:00\",\"dateModified\":\"2019-09-10T08:41:04+00:00\",\"breadcrumb\":{\"@id\":\"https:\/\/gamasverdes.com\/pt-pt\/bebidas-alcoolicas\/#breadcrumb\"},\"inLanguage\":\"pt-PT\",\"potentialAction\":[{\"@type\":\"ReadAction\",\"target\":[\"https:\/\/gamasverdes.com\/pt-pt\/bebidas-alcoolicas\/\"]}]},{\"@type\":\"BreadcrumbList\",\"@id\":\"https:\/\/gamasverdes.com\/pt-pt\/bebidas-alcoolicas\/#breadcrumb\",\"itemListElement\":[{\"@type\":\"ListItem\",\"position\":1,\"name\":\"Portada\",\"item\":\"https:\/\/gamasverdes.com\/pt-pt\/home\/\"},{\"@type\":\"ListItem\",\"position\":2,\"name\":\"Bebidas alco\\u00f3licas\"}]}]}<\/script>\n<!-- \/ Yoast SEO plugin. -->","yoast_head_json":{"title":"Bebidas alco\u00f3licas | Gamas Verdes","robots":{"index":"index","follow":"follow","max-snippet":"max-snippet:-1","max-image-preview":"max-image-preview:large","max-video-preview":"max-video-preview:-1"},"canonical":"https:\/\/gamasverdes.com\/pt-pt\/bebidas-alcoolicas\/","og_locale":"pt_PT","og_type":"article","og_title":"Bebidas alco\u00f3licas | Gamas Verdes","og_description":"BEBIDAS ALCO\u00d3LICASBebidas com alto valor alco\u00f3licoBebidas com baixo teor alco\u00f3lico Ado\u00e7antes para o setor de bebidas alco\u00f3licas s\u00e3o formula\u00e7\u00f5es muito espec\u00edficas. Criamos solu\u00e7\u00f5es ado\u00e7antes que se adaptam perfeitamente ao produto, neste caso as bebidas alco\u00f3licas. \u00c9 necess\u00e1rio levar em considera\u00e7\u00e3o o tipo de bebida alco\u00f3lica...","og_url":"https:\/\/gamasverdes.com\/pt-pt\/bebidas-alcoolicas\/","og_site_name":"Gamas Verdes","article_modified_time":"2019-09-10T08:41:04+00:00","twitter_card":"summary_large_image","twitter_misc":{"Tempo estimado de leitura":"1 minuto"},"schema":{"@context":"https:\/\/schema.org","@graph":[{"@type":"Organization","@id":"https:\/\/gamasverdes.com\/#organization","name":"Gamas Verdes","url":"https:\/\/gamasverdes.com\/","sameAs":[],"logo":{"@type":"ImageObject","@id":"https:\/\/gamasverdes.com\/#logo","inLanguage":"pt-PT","url":"https:\/\/gamasverdes.com\/wp-content\/uploads\/2019\/08\/gamas-verdes-azucar-aditivos.png","contentUrl":"https:\/\/gamasverdes.com\/wp-content\/uploads\/2019\/08\/gamas-verdes-azucar-aditivos.png","width":305,"height":247,"caption":"Gamas Verdes"},"image":{"@id":"https:\/\/gamasverdes.com\/#logo"}},{"@type":"WebSite","@id":"https:\/\/gamasverdes.com\/#website","url":"https:\/\/gamasverdes.com\/","name":"Gamas Verdes","description":"Az\u00facares l\u00edquidos, org\u00e1nicos, aditivos alimentarios y aditivos ecol\u00f3gicos.","publisher":{"@id":"https:\/\/gamasverdes.com\/#organization"},"potentialAction":[{"@type":"SearchAction","target":{"@type":"EntryPoint","urlTemplate":"https:\/\/gamasverdes.com\/?s={search_term_string}"},"query-input":"required name=search_term_string"}],"inLanguage":"pt-PT"},{"@type":"WebPage","@id":"https:\/\/gamasverdes.com\/pt-pt\/bebidas-alcoolicas\/#webpage","url":"https:\/\/gamasverdes.com\/pt-pt\/bebidas-alcoolicas\/","name":"Bebidas alco\u00f3licas | Gamas Verdes","isPartOf":{"@id":"https:\/\/gamasverdes.com\/#website"},"datePublished":"2019-08-22T10:40:10+00:00","dateModified":"2019-09-10T08:41:04+00:00","breadcrumb":{"@id":"https:\/\/gamasverdes.com\/pt-pt\/bebidas-alcoolicas\/#breadcrumb"},"inLanguage":"pt-PT","potentialAction":[{"@type":"ReadAction","target":["https:\/\/gamasverdes.com\/pt-pt\/bebidas-alcoolicas\/"]}]},{"@type":"BreadcrumbList","@id":"https:\/\/gamasverdes.com\/pt-pt\/bebidas-alcoolicas\/#breadcrumb","itemListElement":[{"@type":"ListItem","position":1,"name":"Portada","item":"https:\/\/gamasverdes.com\/pt-pt\/home\/"},{"@type":"ListItem","position":2,"name":"Bebidas alco\u00f3licas"}]}]}},"_links":{"self":[{"href":"https:\/\/gamasverdes.com\/pt-pt\/wp-json\/wp\/v2\/pages\/837"}],"collection":[{"href":"https:\/\/gamasverdes.com\/pt-pt\/wp-json\/wp\/v2\/pages"}],"about":[{"href":"https:\/\/gamasverdes.com\/pt-pt\/wp-json\/wp\/v2\/types\/page"}],"author":[{"embeddable":true,"href":"https:\/\/gamasverdes.com\/pt-pt\/wp-json\/wp\/v2\/users\/1"}],"replies":[{"embeddable":true,"href":"https:\/\/gamasverdes.com\/pt-pt\/wp-json\/wp\/v2\/comments?post=837"}],"version-history":[{"count":0,"href":"https:\/\/gamasverdes.com\/pt-pt\/wp-json\/wp\/v2\/pages\/837\/revisions"}],"wp:attachment":[{"href":"https:\/\/gamasverdes.com\/pt-pt\/wp-json\/wp\/v2\/media?parent=837"}],"curies":[{"name":"wp","href":"https:\/\/api.w.org\/{rel}","templated":true}]}}