{"id":833,"date":"2019-08-23T09:53:59","date_gmt":"2019-08-23T07:53:59","guid":{"rendered":"https:\/\/gamasverdes.com\/edulcorantes-para-nectares-de-frutas\/"},"modified":"2019-09-10T10:37:05","modified_gmt":"2019-09-10T08:37:05","slug":"adocantes-para-nectares-de-frutas","status":"publish","type":"page","link":"https:\/\/gamasverdes.com\/pt-pt\/adocantes-para-nectares-de-frutas\/","title":{"rendered":"Ado\u00e7antes para n\u00e9ctares de frutas"},"content":{"rendered":"\r\n<section class=\"sh-section sh-section-f180d6623bed3fe09249cfe52f82605f fw-main-row sh-section-visibility-everywhere\">\r\n\t\r\n\t\r\n\t<div class=\"sh-section-container container\">\r\n\t\t<div class=\"fw-row\">\n\t\r\n<div class=\"sh-column sh-column-185c9d54fa072b8765187504423ff61e fw-col-xs-12\" >\r\n\r\n\t\r\n\t<div class=\"sh-column-wrapper\">\r\n\t\t\r\n<div id=\"text-block-57e29618aad111954af31be8a96656aa\" class=\"sh-text-block\">\r\n\t<h1>N\u00c9CTAR<\/h1><\/div>\r\n\r\n<div id=\"text-block-b2c858408eb02153eb3becb0b049cbac\" class=\"sh-text-block\">\r\n\t<p>O consumo de n\u00e9ctares e bebidas de frutas aumentou em consumo pelos usu\u00e1rios do mercado. Portanto, \u00e9 essencial criar f\u00f3rmulas ado\u00e7antes que se adaptem o tempo todo ao produto que o usu\u00e1rio exige. Nossos clientes t\u00eam a garantia de que carregam uma solu\u00e7\u00e3o ado\u00e7ante com base nas necessidades de cada um de seus n\u00e9ctares ou bebidas de frutas.<\/p><\/div>\r\n\t<\/div>\r\n\r\n\r\n\t\t\r\n\r\n<\/div>\r\n<\/div>\n\n\t<\/div>\r\n<\/section>\r\n\n","protected":false},"excerpt":{"rendered":"<p>N\u00c9CTAR O consumo de n\u00e9ctares e bebidas de frutas aumentou em consumo pelos usu\u00e1rios do mercado. Portanto, \u00e9 essencial criar f\u00f3rmulas ado\u00e7antes que se adaptem o tempo todo ao produto que o usu\u00e1rio exige. Nossos clientes t\u00eam a garantia de que carregam uma solu\u00e7\u00e3o ado\u00e7ante&#8230;<\/p>\n","protected":false},"author":1,"featured_media":0,"parent":0,"menu_order":0,"comment_status":"closed","ping_status":"closed","template":"","meta":[],"yoast_head":"<!-- This site is optimized with the Yoast SEO plugin v16.9 - https:\/\/yoast.com\/wordpress\/plugins\/seo\/ -->\n<title>Ado\u00e7antes para n\u00e9ctares de frutas | Gamas Verdes<\/title>\n<meta name=\"description\" content=\"A nossos clientes \u00e9 garantida uma solu\u00e7\u00e3o ado\u00e7ante com base nas necessidades de cada um de seus n\u00e9ctares ou bebidas de frutas.\" \/>\n<meta name=\"robots\" content=\"index, follow, max-snippet:-1, max-image-preview:large, max-video-preview:-1\" \/>\n<link rel=\"canonical\" href=\"https:\/\/gamasverdes.com\/pt-pt\/adocantes-para-nectares-de-frutas\/\" \/>\n<meta property=\"og:locale\" content=\"pt_PT\" \/>\n<meta property=\"og:type\" content=\"article\" \/>\n<meta property=\"og:title\" content=\"Ado\u00e7antes para n\u00e9ctares de frutas | Gamas Verdes\" \/>\n<meta property=\"og:description\" content=\"A nossos clientes \u00e9 garantida uma solu\u00e7\u00e3o ado\u00e7ante com base nas necessidades de cada um de seus n\u00e9ctares ou bebidas de frutas.\" \/>\n<meta property=\"og:url\" content=\"https:\/\/gamasverdes.com\/pt-pt\/adocantes-para-nectares-de-frutas\/\" \/>\n<meta property=\"og:site_name\" content=\"Gamas Verdes\" \/>\n<meta property=\"article:modified_time\" content=\"2019-09-10T08:37:05+00:00\" \/>\n<meta name=\"twitter:card\" content=\"summary_large_image\" \/>\n<script type=\"application\/ld+json\" class=\"yoast-schema-graph\">{\"@context\":\"https:\/\/schema.org\",\"@graph\":[{\"@type\":\"Organization\",\"@id\":\"https:\/\/gamasverdes.com\/#organization\",\"name\":\"Gamas Verdes\",\"url\":\"https:\/\/gamasverdes.com\/\",\"sameAs\":[],\"logo\":{\"@type\":\"ImageObject\",\"@id\":\"https:\/\/gamasverdes.com\/#logo\",\"inLanguage\":\"pt-PT\",\"url\":\"https:\/\/gamasverdes.com\/wp-content\/uploads\/2019\/08\/gamas-verdes-azucar-aditivos.png\",\"contentUrl\":\"https:\/\/gamasverdes.com\/wp-content\/uploads\/2019\/08\/gamas-verdes-azucar-aditivos.png\",\"width\":305,\"height\":247,\"caption\":\"Gamas Verdes\"},\"image\":{\"@id\":\"https:\/\/gamasverdes.com\/#logo\"}},{\"@type\":\"WebSite\",\"@id\":\"https:\/\/gamasverdes.com\/#website\",\"url\":\"https:\/\/gamasverdes.com\/\",\"name\":\"Gamas Verdes\",\"description\":\"Az\\u00facares l\\u00edquidos, org\\u00e1nicos, aditivos alimentarios y aditivos ecol\\u00f3gicos.\",\"publisher\":{\"@id\":\"https:\/\/gamasverdes.com\/#organization\"},\"potentialAction\":[{\"@type\":\"SearchAction\",\"target\":{\"@type\":\"EntryPoint\",\"urlTemplate\":\"https:\/\/gamasverdes.com\/?s={search_term_string}\"},\"query-input\":\"required name=search_term_string\"}],\"inLanguage\":\"pt-PT\"},{\"@type\":\"WebPage\",\"@id\":\"https:\/\/gamasverdes.com\/pt-pt\/adocantes-para-nectares-de-frutas\/#webpage\",\"url\":\"https:\/\/gamasverdes.com\/pt-pt\/adocantes-para-nectares-de-frutas\/\",\"name\":\"Ado\\u00e7antes para n\\u00e9ctares de frutas | Gamas Verdes\",\"isPartOf\":{\"@id\":\"https:\/\/gamasverdes.com\/#website\"},\"datePublished\":\"2019-08-23T07:53:59+00:00\",\"dateModified\":\"2019-09-10T08:37:05+00:00\",\"description\":\"A nossos clientes \\u00e9 garantida uma solu\\u00e7\\u00e3o ado\\u00e7ante com base nas necessidades de cada um de seus n\\u00e9ctares ou bebidas de frutas.\",\"breadcrumb\":{\"@id\":\"https:\/\/gamasverdes.com\/pt-pt\/adocantes-para-nectares-de-frutas\/#breadcrumb\"},\"inLanguage\":\"pt-PT\",\"potentialAction\":[{\"@type\":\"ReadAction\",\"target\":[\"https:\/\/gamasverdes.com\/pt-pt\/adocantes-para-nectares-de-frutas\/\"]}]},{\"@type\":\"BreadcrumbList\",\"@id\":\"https:\/\/gamasverdes.com\/pt-pt\/adocantes-para-nectares-de-frutas\/#breadcrumb\",\"itemListElement\":[{\"@type\":\"ListItem\",\"position\":1,\"name\":\"Portada\",\"item\":\"https:\/\/gamasverdes.com\/pt-pt\/home\/\"},{\"@type\":\"ListItem\",\"position\":2,\"name\":\"Ado\\u00e7antes para n\\u00e9ctares de frutas\"}]}]}<\/script>\n<!-- \/ Yoast SEO plugin. -->","yoast_head_json":{"title":"Ado\u00e7antes para n\u00e9ctares de frutas | Gamas Verdes","description":"A nossos clientes \u00e9 garantida uma solu\u00e7\u00e3o ado\u00e7ante com base nas necessidades de cada um de seus n\u00e9ctares ou bebidas de frutas.","robots":{"index":"index","follow":"follow","max-snippet":"max-snippet:-1","max-image-preview":"max-image-preview:large","max-video-preview":"max-video-preview:-1"},"canonical":"https:\/\/gamasverdes.com\/pt-pt\/adocantes-para-nectares-de-frutas\/","og_locale":"pt_PT","og_type":"article","og_title":"Ado\u00e7antes para n\u00e9ctares de frutas | Gamas Verdes","og_description":"A nossos clientes \u00e9 garantida uma solu\u00e7\u00e3o ado\u00e7ante com base nas necessidades de cada um de seus n\u00e9ctares ou bebidas de frutas.","og_url":"https:\/\/gamasverdes.com\/pt-pt\/adocantes-para-nectares-de-frutas\/","og_site_name":"Gamas Verdes","article_modified_time":"2019-09-10T08:37:05+00:00","twitter_card":"summary_large_image","schema":{"@context":"https:\/\/schema.org","@graph":[{"@type":"Organization","@id":"https:\/\/gamasverdes.com\/#organization","name":"Gamas Verdes","url":"https:\/\/gamasverdes.com\/","sameAs":[],"logo":{"@type":"ImageObject","@id":"https:\/\/gamasverdes.com\/#logo","inLanguage":"pt-PT","url":"https:\/\/gamasverdes.com\/wp-content\/uploads\/2019\/08\/gamas-verdes-azucar-aditivos.png","contentUrl":"https:\/\/gamasverdes.com\/wp-content\/uploads\/2019\/08\/gamas-verdes-azucar-aditivos.png","width":305,"height":247,"caption":"Gamas Verdes"},"image":{"@id":"https:\/\/gamasverdes.com\/#logo"}},{"@type":"WebSite","@id":"https:\/\/gamasverdes.com\/#website","url":"https:\/\/gamasverdes.com\/","name":"Gamas Verdes","description":"Az\u00facares l\u00edquidos, org\u00e1nicos, aditivos alimentarios y aditivos ecol\u00f3gicos.","publisher":{"@id":"https:\/\/gamasverdes.com\/#organization"},"potentialAction":[{"@type":"SearchAction","target":{"@type":"EntryPoint","urlTemplate":"https:\/\/gamasverdes.com\/?s={search_term_string}"},"query-input":"required name=search_term_string"}],"inLanguage":"pt-PT"},{"@type":"WebPage","@id":"https:\/\/gamasverdes.com\/pt-pt\/adocantes-para-nectares-de-frutas\/#webpage","url":"https:\/\/gamasverdes.com\/pt-pt\/adocantes-para-nectares-de-frutas\/","name":"Ado\u00e7antes para n\u00e9ctares de frutas | Gamas Verdes","isPartOf":{"@id":"https:\/\/gamasverdes.com\/#website"},"datePublished":"2019-08-23T07:53:59+00:00","dateModified":"2019-09-10T08:37:05+00:00","description":"A nossos clientes \u00e9 garantida uma solu\u00e7\u00e3o ado\u00e7ante com base nas necessidades de cada um de seus n\u00e9ctares ou bebidas de frutas.","breadcrumb":{"@id":"https:\/\/gamasverdes.com\/pt-pt\/adocantes-para-nectares-de-frutas\/#breadcrumb"},"inLanguage":"pt-PT","potentialAction":[{"@type":"ReadAction","target":["https:\/\/gamasverdes.com\/pt-pt\/adocantes-para-nectares-de-frutas\/"]}]},{"@type":"BreadcrumbList","@id":"https:\/\/gamasverdes.com\/pt-pt\/adocantes-para-nectares-de-frutas\/#breadcrumb","itemListElement":[{"@type":"ListItem","position":1,"name":"Portada","item":"https:\/\/gamasverdes.com\/pt-pt\/home\/"},{"@type":"ListItem","position":2,"name":"Ado\u00e7antes para n\u00e9ctares de frutas"}]}]}},"_links":{"self":[{"href":"https:\/\/gamasverdes.com\/pt-pt\/wp-json\/wp\/v2\/pages\/833"}],"collection":[{"href":"https:\/\/gamasverdes.com\/pt-pt\/wp-json\/wp\/v2\/pages"}],"about":[{"href":"https:\/\/gamasverdes.com\/pt-pt\/wp-json\/wp\/v2\/types\/page"}],"author":[{"embeddable":true,"href":"https:\/\/gamasverdes.com\/pt-pt\/wp-json\/wp\/v2\/users\/1"}],"replies":[{"embeddable":true,"href":"https:\/\/gamasverdes.com\/pt-pt\/wp-json\/wp\/v2\/comments?post=833"}],"version-history":[{"count":0,"href":"https:\/\/gamasverdes.com\/pt-pt\/wp-json\/wp\/v2\/pages\/833\/revisions"}],"wp:attachment":[{"href":"https:\/\/gamasverdes.com\/pt-pt\/wp-json\/wp\/v2\/media?parent=833"}],"curies":[{"name":"wp","href":"https:\/\/api.w.org\/{rel}","templated":true}]}}