{"id":829,"date":"2019-08-23T10:20:42","date_gmt":"2019-08-23T08:20:42","guid":{"rendered":"https:\/\/gamasverdes.com\/edulcorantes-para-zumo\/"},"modified":"2019-09-10T10:28:27","modified_gmt":"2019-09-10T08:28:27","slug":"adocantes-de-suco","status":"publish","type":"page","link":"https:\/\/gamasverdes.com\/pt-pt\/adocantes-de-suco\/","title":{"rendered":"Ado\u00e7antes de suco"},"content":{"rendered":"\r\n<section class=\"sh-section sh-section-aeb420ae1d283cf774fccc4b8e4400f4 fw-main-row sh-section-visibility-everywhere\">\r\n\t\r\n\t\r\n\t<div class=\"sh-section-container container\">\r\n\t\t<div class=\"fw-row\">\n\t\r\n<div class=\"sh-column sh-column-fdac23f6cd3e21aa1f0b852283231ee3 fw-col-xs-12\" >\r\n\r\n\t\r\n\t<div class=\"sh-column-wrapper\">\r\n\t\t\r\n<div id=\"text-block-d758eff5fb4c7d248bc1d57c86d88bab\" class=\"sh-text-block\">\r\n\t<h3>SUCO<\/h3><\/div>\r\n\r\n<div id=\"text-block-3c5884b579d6b72eebfa8227e231270d\" class=\"sh-text-block\">\r\n\t<p>Para a produ\u00e7\u00e3o de suco, \u00e9 necess\u00e1ria uma formula\u00e7\u00e3o adaptada e que se adapte perfeitamente ao produto. Na Gamas Verdes, criamos cada solu\u00e7\u00e3o de ado\u00e7ante para a produ\u00e7\u00e3o de sucos com base no que cada cliente nos pede para tornar seu produto \u00fanico.<\/p><\/div>\r\n\t<\/div>\r\n\r\n\r\n\t\t\r\n\r\n<\/div>\r\n<\/div>\n\n\t<\/div>\r\n<\/section>\r\n\n","protected":false},"excerpt":{"rendered":"<p>SUCO Para a produ\u00e7\u00e3o de suco, \u00e9 necess\u00e1ria uma formula\u00e7\u00e3o adaptada e que se adapte perfeitamente ao produto. Na Gamas Verdes, criamos cada solu\u00e7\u00e3o de ado\u00e7ante para a produ\u00e7\u00e3o de sucos com base no que cada cliente nos pede para tornar seu produto \u00fanico.<\/p>\n","protected":false},"author":1,"featured_media":0,"parent":0,"menu_order":0,"comment_status":"closed","ping_status":"closed","template":"","meta":[],"yoast_head":"<!-- This site is optimized with the Yoast SEO plugin v16.9 - https:\/\/yoast.com\/wordpress\/plugins\/seo\/ -->\n<title>Ado\u00e7antes de suco | Gamas Verdes<\/title>\n<meta name=\"description\" content=\"Edulcorante para la producci\u00f3n y realizaci\u00f3n de zumos. F\u00f3rmula edulcorante hecha a medida de cada cliente y cada producto.\" \/>\n<meta name=\"robots\" content=\"index, follow, max-snippet:-1, max-image-preview:large, max-video-preview:-1\" \/>\n<link rel=\"canonical\" href=\"https:\/\/gamasverdes.com\/pt-pt\/adocantes-de-suco\/\" \/>\n<meta property=\"og:locale\" content=\"pt_PT\" \/>\n<meta property=\"og:type\" content=\"article\" \/>\n<meta property=\"og:title\" content=\"Ado\u00e7antes de suco | Gamas Verdes\" \/>\n<meta property=\"og:description\" content=\"Edulcorante para la producci\u00f3n y realizaci\u00f3n de zumos. F\u00f3rmula edulcorante hecha a medida de cada cliente y cada producto.\" \/>\n<meta property=\"og:url\" content=\"https:\/\/gamasverdes.com\/pt-pt\/adocantes-de-suco\/\" \/>\n<meta property=\"og:site_name\" content=\"Gamas Verdes\" \/>\n<meta property=\"article:modified_time\" content=\"2019-09-10T08:28:27+00:00\" \/>\n<meta name=\"twitter:card\" content=\"summary_large_image\" \/>\n<script type=\"application\/ld+json\" class=\"yoast-schema-graph\">{\"@context\":\"https:\/\/schema.org\",\"@graph\":[{\"@type\":\"Organization\",\"@id\":\"https:\/\/gamasverdes.com\/#organization\",\"name\":\"Gamas Verdes\",\"url\":\"https:\/\/gamasverdes.com\/\",\"sameAs\":[],\"logo\":{\"@type\":\"ImageObject\",\"@id\":\"https:\/\/gamasverdes.com\/#logo\",\"inLanguage\":\"pt-PT\",\"url\":\"https:\/\/gamasverdes.com\/wp-content\/uploads\/2019\/08\/gamas-verdes-azucar-aditivos.png\",\"contentUrl\":\"https:\/\/gamasverdes.com\/wp-content\/uploads\/2019\/08\/gamas-verdes-azucar-aditivos.png\",\"width\":305,\"height\":247,\"caption\":\"Gamas Verdes\"},\"image\":{\"@id\":\"https:\/\/gamasverdes.com\/#logo\"}},{\"@type\":\"WebSite\",\"@id\":\"https:\/\/gamasverdes.com\/#website\",\"url\":\"https:\/\/gamasverdes.com\/\",\"name\":\"Gamas Verdes\",\"description\":\"Az\\u00facares l\\u00edquidos, org\\u00e1nicos, aditivos alimentarios y aditivos ecol\\u00f3gicos.\",\"publisher\":{\"@id\":\"https:\/\/gamasverdes.com\/#organization\"},\"potentialAction\":[{\"@type\":\"SearchAction\",\"target\":{\"@type\":\"EntryPoint\",\"urlTemplate\":\"https:\/\/gamasverdes.com\/?s={search_term_string}\"},\"query-input\":\"required name=search_term_string\"}],\"inLanguage\":\"pt-PT\"},{\"@type\":\"WebPage\",\"@id\":\"https:\/\/gamasverdes.com\/pt-pt\/adocantes-de-suco\/#webpage\",\"url\":\"https:\/\/gamasverdes.com\/pt-pt\/adocantes-de-suco\/\",\"name\":\"Ado\\u00e7antes de suco | Gamas Verdes\",\"isPartOf\":{\"@id\":\"https:\/\/gamasverdes.com\/#website\"},\"datePublished\":\"2019-08-23T08:20:42+00:00\",\"dateModified\":\"2019-09-10T08:28:27+00:00\",\"description\":\"Edulcorante para la producci\\u00f3n y realizaci\\u00f3n de zumos. F\\u00f3rmula edulcorante hecha a medida de cada cliente y cada producto.\",\"breadcrumb\":{\"@id\":\"https:\/\/gamasverdes.com\/pt-pt\/adocantes-de-suco\/#breadcrumb\"},\"inLanguage\":\"pt-PT\",\"potentialAction\":[{\"@type\":\"ReadAction\",\"target\":[\"https:\/\/gamasverdes.com\/pt-pt\/adocantes-de-suco\/\"]}]},{\"@type\":\"BreadcrumbList\",\"@id\":\"https:\/\/gamasverdes.com\/pt-pt\/adocantes-de-suco\/#breadcrumb\",\"itemListElement\":[{\"@type\":\"ListItem\",\"position\":1,\"name\":\"Portada\",\"item\":\"https:\/\/gamasverdes.com\/pt-pt\/home\/\"},{\"@type\":\"ListItem\",\"position\":2,\"name\":\"Ado\\u00e7antes de suco\"}]}]}<\/script>\n<!-- \/ Yoast SEO plugin. -->","yoast_head_json":{"title":"Ado\u00e7antes de suco | Gamas Verdes","description":"Edulcorante para la producci\u00f3n y realizaci\u00f3n de zumos. F\u00f3rmula edulcorante hecha a medida de cada cliente y cada producto.","robots":{"index":"index","follow":"follow","max-snippet":"max-snippet:-1","max-image-preview":"max-image-preview:large","max-video-preview":"max-video-preview:-1"},"canonical":"https:\/\/gamasverdes.com\/pt-pt\/adocantes-de-suco\/","og_locale":"pt_PT","og_type":"article","og_title":"Ado\u00e7antes de suco | Gamas Verdes","og_description":"Edulcorante para la producci\u00f3n y realizaci\u00f3n de zumos. F\u00f3rmula edulcorante hecha a medida de cada cliente y cada producto.","og_url":"https:\/\/gamasverdes.com\/pt-pt\/adocantes-de-suco\/","og_site_name":"Gamas Verdes","article_modified_time":"2019-09-10T08:28:27+00:00","twitter_card":"summary_large_image","schema":{"@context":"https:\/\/schema.org","@graph":[{"@type":"Organization","@id":"https:\/\/gamasverdes.com\/#organization","name":"Gamas Verdes","url":"https:\/\/gamasverdes.com\/","sameAs":[],"logo":{"@type":"ImageObject","@id":"https:\/\/gamasverdes.com\/#logo","inLanguage":"pt-PT","url":"https:\/\/gamasverdes.com\/wp-content\/uploads\/2019\/08\/gamas-verdes-azucar-aditivos.png","contentUrl":"https:\/\/gamasverdes.com\/wp-content\/uploads\/2019\/08\/gamas-verdes-azucar-aditivos.png","width":305,"height":247,"caption":"Gamas Verdes"},"image":{"@id":"https:\/\/gamasverdes.com\/#logo"}},{"@type":"WebSite","@id":"https:\/\/gamasverdes.com\/#website","url":"https:\/\/gamasverdes.com\/","name":"Gamas Verdes","description":"Az\u00facares l\u00edquidos, org\u00e1nicos, aditivos alimentarios y aditivos ecol\u00f3gicos.","publisher":{"@id":"https:\/\/gamasverdes.com\/#organization"},"potentialAction":[{"@type":"SearchAction","target":{"@type":"EntryPoint","urlTemplate":"https:\/\/gamasverdes.com\/?s={search_term_string}"},"query-input":"required name=search_term_string"}],"inLanguage":"pt-PT"},{"@type":"WebPage","@id":"https:\/\/gamasverdes.com\/pt-pt\/adocantes-de-suco\/#webpage","url":"https:\/\/gamasverdes.com\/pt-pt\/adocantes-de-suco\/","name":"Ado\u00e7antes de suco | Gamas Verdes","isPartOf":{"@id":"https:\/\/gamasverdes.com\/#website"},"datePublished":"2019-08-23T08:20:42+00:00","dateModified":"2019-09-10T08:28:27+00:00","description":"Edulcorante para la producci\u00f3n y realizaci\u00f3n de zumos. F\u00f3rmula edulcorante hecha a medida de cada cliente y cada producto.","breadcrumb":{"@id":"https:\/\/gamasverdes.com\/pt-pt\/adocantes-de-suco\/#breadcrumb"},"inLanguage":"pt-PT","potentialAction":[{"@type":"ReadAction","target":["https:\/\/gamasverdes.com\/pt-pt\/adocantes-de-suco\/"]}]},{"@type":"BreadcrumbList","@id":"https:\/\/gamasverdes.com\/pt-pt\/adocantes-de-suco\/#breadcrumb","itemListElement":[{"@type":"ListItem","position":1,"name":"Portada","item":"https:\/\/gamasverdes.com\/pt-pt\/home\/"},{"@type":"ListItem","position":2,"name":"Ado\u00e7antes de suco"}]}]}},"_links":{"self":[{"href":"https:\/\/gamasverdes.com\/pt-pt\/wp-json\/wp\/v2\/pages\/829"}],"collection":[{"href":"https:\/\/gamasverdes.com\/pt-pt\/wp-json\/wp\/v2\/pages"}],"about":[{"href":"https:\/\/gamasverdes.com\/pt-pt\/wp-json\/wp\/v2\/types\/page"}],"author":[{"embeddable":true,"href":"https:\/\/gamasverdes.com\/pt-pt\/wp-json\/wp\/v2\/users\/1"}],"replies":[{"embeddable":true,"href":"https:\/\/gamasverdes.com\/pt-pt\/wp-json\/wp\/v2\/comments?post=829"}],"version-history":[{"count":0,"href":"https:\/\/gamasverdes.com\/pt-pt\/wp-json\/wp\/v2\/pages\/829\/revisions"}],"wp:attachment":[{"href":"https:\/\/gamasverdes.com\/pt-pt\/wp-json\/wp\/v2\/media?parent=829"}],"curies":[{"name":"wp","href":"https:\/\/api.w.org\/{rel}","templated":true}]}}