{"id":824,"date":"2019-08-22T12:45:05","date_gmt":"2019-08-22T10:45:05","guid":{"rendered":"https:\/\/gamasverdes.com\/lacteos-y-derivados\/"},"modified":"2019-09-10T10:26:07","modified_gmt":"2019-09-10T08:26:07","slug":"produtos-lacteos-e-derivados","status":"publish","type":"page","link":"https:\/\/gamasverdes.com\/pt-pt\/produtos-lacteos-e-derivados\/","title":{"rendered":"Produtos l\u00e1cteos e derivados"},"content":{"rendered":"\r\n<section class=\"sh-section sh-section-9cad05057c78ba7e7c1234fe76069f14 fw-main-row sh-section-visibility-everywhere\">\r\n\t\r\n\t\r\n\t<div class=\"sh-section-container container\">\r\n\t\t<div class=\"fw-row\">\n\t\r\n<div class=\"sh-column sh-column-6c94101b104e8a018dd7402a8715ef02 fw-col-xs-12\" >\r\n\r\n\t\r\n\t<div class=\"sh-column-wrapper\">\r\n\t\t\r\n<div id=\"text-block-4fd47c9aba82563f89e0cd777cbdd7e2\" class=\"sh-text-block\">\r\n\t<h3 class=\"sh-heading-content size-l text-center\">PRODUTOS L\u00c1CTEOS E DERIVADOS<\/h3><\/div>\r\n\r\n<div id=\"text-block-321679e7c2641c9fa7a260228aecc60d\" class=\"sh-text-block\">\r\n\t<p>Todos los productos del sector l\u00e1cteo como sus derivados son casos en los que la formulaci\u00f3n del edulcorante o az\u00facar l\u00edquido debe ir medida al tipo de producto en cuesti\u00f3n. Debido a la gran variedad de productos como son la leche, yogures, quesos etc. cada soluci\u00f3n es creada por nuestros expertos para adaptarse a cada producto de la mejor forma.<\/p><\/div>\r\n\t<\/div>\r\n\r\n\r\n\t\t\r\n\r\n<\/div>\r\n<\/div>\n\n\t<\/div>\r\n<\/section>\r\n\n","protected":false},"excerpt":{"rendered":"<p>PRODUTOS L\u00c1CTEOS E DERIVADOS Todos los productos del sector l\u00e1cteo como sus derivados son casos en los que la formulaci\u00f3n del edulcorante o az\u00facar l\u00edquido debe ir medida al tipo de producto en cuesti\u00f3n. Debido a la gran variedad de productos como son la leche,&#8230;<\/p>\n","protected":false},"author":1,"featured_media":0,"parent":0,"menu_order":0,"comment_status":"closed","ping_status":"closed","template":"","meta":[],"yoast_head":"<!-- This site is optimized with the Yoast SEO plugin v16.9 - https:\/\/yoast.com\/wordpress\/plugins\/seo\/ -->\n<title>Produtos l\u00e1cteos e derivados | Gamas Verdes<\/title>\n<meta name=\"robots\" content=\"index, follow, max-snippet:-1, max-image-preview:large, max-video-preview:-1\" \/>\n<link rel=\"canonical\" href=\"https:\/\/gamasverdes.com\/pt-pt\/produtos-lacteos-e-derivados\/\" \/>\n<meta property=\"og:locale\" content=\"pt_PT\" \/>\n<meta property=\"og:type\" content=\"article\" \/>\n<meta property=\"og:title\" content=\"Produtos l\u00e1cteos e derivados | Gamas Verdes\" \/>\n<meta property=\"og:description\" content=\"PRODUTOS L\u00c1CTEOS E DERIVADOS Todos los productos del sector l\u00e1cteo como sus derivados son casos en los que la formulaci\u00f3n del edulcorante o az\u00facar l\u00edquido debe ir medida al tipo de producto en cuesti\u00f3n. Debido a la gran variedad de productos como son la leche,...\" \/>\n<meta property=\"og:url\" content=\"https:\/\/gamasverdes.com\/pt-pt\/produtos-lacteos-e-derivados\/\" \/>\n<meta property=\"og:site_name\" content=\"Gamas Verdes\" \/>\n<meta property=\"article:modified_time\" content=\"2019-09-10T08:26:07+00:00\" \/>\n<meta name=\"twitter:card\" content=\"summary_large_image\" \/>\n<script type=\"application\/ld+json\" class=\"yoast-schema-graph\">{\"@context\":\"https:\/\/schema.org\",\"@graph\":[{\"@type\":\"Organization\",\"@id\":\"https:\/\/gamasverdes.com\/#organization\",\"name\":\"Gamas Verdes\",\"url\":\"https:\/\/gamasverdes.com\/\",\"sameAs\":[],\"logo\":{\"@type\":\"ImageObject\",\"@id\":\"https:\/\/gamasverdes.com\/#logo\",\"inLanguage\":\"pt-PT\",\"url\":\"https:\/\/gamasverdes.com\/wp-content\/uploads\/2019\/08\/gamas-verdes-azucar-aditivos.png\",\"contentUrl\":\"https:\/\/gamasverdes.com\/wp-content\/uploads\/2019\/08\/gamas-verdes-azucar-aditivos.png\",\"width\":305,\"height\":247,\"caption\":\"Gamas Verdes\"},\"image\":{\"@id\":\"https:\/\/gamasverdes.com\/#logo\"}},{\"@type\":\"WebSite\",\"@id\":\"https:\/\/gamasverdes.com\/#website\",\"url\":\"https:\/\/gamasverdes.com\/\",\"name\":\"Gamas Verdes\",\"description\":\"Az\\u00facares l\\u00edquidos, org\\u00e1nicos, aditivos alimentarios y aditivos ecol\\u00f3gicos.\",\"publisher\":{\"@id\":\"https:\/\/gamasverdes.com\/#organization\"},\"potentialAction\":[{\"@type\":\"SearchAction\",\"target\":{\"@type\":\"EntryPoint\",\"urlTemplate\":\"https:\/\/gamasverdes.com\/?s={search_term_string}\"},\"query-input\":\"required name=search_term_string\"}],\"inLanguage\":\"pt-PT\"},{\"@type\":\"WebPage\",\"@id\":\"https:\/\/gamasverdes.com\/pt-pt\/produtos-lacteos-e-derivados\/#webpage\",\"url\":\"https:\/\/gamasverdes.com\/pt-pt\/produtos-lacteos-e-derivados\/\",\"name\":\"Produtos l\\u00e1cteos e derivados | Gamas Verdes\",\"isPartOf\":{\"@id\":\"https:\/\/gamasverdes.com\/#website\"},\"datePublished\":\"2019-08-22T10:45:05+00:00\",\"dateModified\":\"2019-09-10T08:26:07+00:00\",\"breadcrumb\":{\"@id\":\"https:\/\/gamasverdes.com\/pt-pt\/produtos-lacteos-e-derivados\/#breadcrumb\"},\"inLanguage\":\"pt-PT\",\"potentialAction\":[{\"@type\":\"ReadAction\",\"target\":[\"https:\/\/gamasverdes.com\/pt-pt\/produtos-lacteos-e-derivados\/\"]}]},{\"@type\":\"BreadcrumbList\",\"@id\":\"https:\/\/gamasverdes.com\/pt-pt\/produtos-lacteos-e-derivados\/#breadcrumb\",\"itemListElement\":[{\"@type\":\"ListItem\",\"position\":1,\"name\":\"Portada\",\"item\":\"https:\/\/gamasverdes.com\/pt-pt\/home\/\"},{\"@type\":\"ListItem\",\"position\":2,\"name\":\"Produtos l\\u00e1cteos e derivados\"}]}]}<\/script>\n<!-- \/ Yoast SEO plugin. -->","yoast_head_json":{"title":"Produtos l\u00e1cteos e derivados | Gamas Verdes","robots":{"index":"index","follow":"follow","max-snippet":"max-snippet:-1","max-image-preview":"max-image-preview:large","max-video-preview":"max-video-preview:-1"},"canonical":"https:\/\/gamasverdes.com\/pt-pt\/produtos-lacteos-e-derivados\/","og_locale":"pt_PT","og_type":"article","og_title":"Produtos l\u00e1cteos e derivados | Gamas Verdes","og_description":"PRODUTOS L\u00c1CTEOS E DERIVADOS Todos los productos del sector l\u00e1cteo como sus derivados son casos en los que la formulaci\u00f3n del edulcorante o az\u00facar l\u00edquido debe ir medida al tipo de producto en cuesti\u00f3n. Debido a la gran variedad de productos como son la leche,...","og_url":"https:\/\/gamasverdes.com\/pt-pt\/produtos-lacteos-e-derivados\/","og_site_name":"Gamas Verdes","article_modified_time":"2019-09-10T08:26:07+00:00","twitter_card":"summary_large_image","schema":{"@context":"https:\/\/schema.org","@graph":[{"@type":"Organization","@id":"https:\/\/gamasverdes.com\/#organization","name":"Gamas Verdes","url":"https:\/\/gamasverdes.com\/","sameAs":[],"logo":{"@type":"ImageObject","@id":"https:\/\/gamasverdes.com\/#logo","inLanguage":"pt-PT","url":"https:\/\/gamasverdes.com\/wp-content\/uploads\/2019\/08\/gamas-verdes-azucar-aditivos.png","contentUrl":"https:\/\/gamasverdes.com\/wp-content\/uploads\/2019\/08\/gamas-verdes-azucar-aditivos.png","width":305,"height":247,"caption":"Gamas Verdes"},"image":{"@id":"https:\/\/gamasverdes.com\/#logo"}},{"@type":"WebSite","@id":"https:\/\/gamasverdes.com\/#website","url":"https:\/\/gamasverdes.com\/","name":"Gamas Verdes","description":"Az\u00facares l\u00edquidos, org\u00e1nicos, aditivos alimentarios y aditivos ecol\u00f3gicos.","publisher":{"@id":"https:\/\/gamasverdes.com\/#organization"},"potentialAction":[{"@type":"SearchAction","target":{"@type":"EntryPoint","urlTemplate":"https:\/\/gamasverdes.com\/?s={search_term_string}"},"query-input":"required name=search_term_string"}],"inLanguage":"pt-PT"},{"@type":"WebPage","@id":"https:\/\/gamasverdes.com\/pt-pt\/produtos-lacteos-e-derivados\/#webpage","url":"https:\/\/gamasverdes.com\/pt-pt\/produtos-lacteos-e-derivados\/","name":"Produtos l\u00e1cteos e derivados | Gamas Verdes","isPartOf":{"@id":"https:\/\/gamasverdes.com\/#website"},"datePublished":"2019-08-22T10:45:05+00:00","dateModified":"2019-09-10T08:26:07+00:00","breadcrumb":{"@id":"https:\/\/gamasverdes.com\/pt-pt\/produtos-lacteos-e-derivados\/#breadcrumb"},"inLanguage":"pt-PT","potentialAction":[{"@type":"ReadAction","target":["https:\/\/gamasverdes.com\/pt-pt\/produtos-lacteos-e-derivados\/"]}]},{"@type":"BreadcrumbList","@id":"https:\/\/gamasverdes.com\/pt-pt\/produtos-lacteos-e-derivados\/#breadcrumb","itemListElement":[{"@type":"ListItem","position":1,"name":"Portada","item":"https:\/\/gamasverdes.com\/pt-pt\/home\/"},{"@type":"ListItem","position":2,"name":"Produtos l\u00e1cteos e derivados"}]}]}},"_links":{"self":[{"href":"https:\/\/gamasverdes.com\/pt-pt\/wp-json\/wp\/v2\/pages\/824"}],"collection":[{"href":"https:\/\/gamasverdes.com\/pt-pt\/wp-json\/wp\/v2\/pages"}],"about":[{"href":"https:\/\/gamasverdes.com\/pt-pt\/wp-json\/wp\/v2\/types\/page"}],"author":[{"embeddable":true,"href":"https:\/\/gamasverdes.com\/pt-pt\/wp-json\/wp\/v2\/users\/1"}],"replies":[{"embeddable":true,"href":"https:\/\/gamasverdes.com\/pt-pt\/wp-json\/wp\/v2\/comments?post=824"}],"version-history":[{"count":0,"href":"https:\/\/gamasverdes.com\/pt-pt\/wp-json\/wp\/v2\/pages\/824\/revisions"}],"wp:attachment":[{"href":"https:\/\/gamasverdes.com\/pt-pt\/wp-json\/wp\/v2\/media?parent=824"}],"curies":[{"name":"wp","href":"https:\/\/api.w.org\/{rel}","templated":true}]}}