{"id":816,"date":"2019-08-23T09:38:47","date_gmt":"2019-08-23T07:38:47","guid":{"rendered":"https:\/\/gamasverdes.com\/panaderia\/"},"modified":"2019-09-10T10:21:41","modified_gmt":"2019-09-10T08:21:41","slug":"padaria","status":"publish","type":"page","link":"https:\/\/gamasverdes.com\/pt-pt\/padaria\/","title":{"rendered":"Padaria"},"content":{"rendered":"\r\n<section class=\"sh-section sh-section-44b2d5aca82a75358c130f036e664f80 fw-main-row sh-section-visibility-everywhere\">\r\n\t\r\n\t\r\n\t<div class=\"sh-section-container container\">\r\n\t\t<div class=\"fw-row\">\n\t\r\n<div class=\"sh-column sh-column-b3bad65061095fc0fe134d182afb2dec fw-col-xs-12\" >\r\n\r\n\t\r\n\t<div class=\"sh-column-wrapper\">\r\n\t\t\r\n<div id=\"text-block-2872e91c346db008c26f71a854fdc526\" class=\"sh-text-block\">\r\n\t<h1>PADARIA<\/h1><\/div>\r\n\r\n<div id=\"text-block-cd8ff8550019da97fcd149c568b1070f\" class=\"sh-text-block\">\r\n\t<p>A grande variedade que temos de ado\u00e7antes exclusivos para o setor de panifica\u00e7\u00e3o significa que podemos criar solu\u00e7\u00f5es personalizadas para a produ\u00e7\u00e3o de doces ou p\u00e3es. Pergunte-nos e iremos aconselh\u00e1-lo sobre a melhor op\u00e7\u00e3o, dependendo do tipo de produto no setor de panifica\u00e7\u00e3o que voc\u00ea aplicar\u00e1. A padaria \u00e9 um setor importante e delicado para a cria\u00e7\u00e3o de solu\u00e7\u00f5es ado\u00e7antes.<\/p><\/div>\r\n\t<\/div>\r\n\r\n\r\n\t\t\r\n\r\n<\/div>\r\n<\/div>\n\n\t<\/div>\r\n<\/section>\r\n\n","protected":false},"excerpt":{"rendered":"<p>PADARIA A grande variedade que temos de ado\u00e7antes exclusivos para o setor de panifica\u00e7\u00e3o significa que podemos criar solu\u00e7\u00f5es personalizadas para a produ\u00e7\u00e3o de doces ou p\u00e3es. Pergunte-nos e iremos aconselh\u00e1-lo sobre a melhor op\u00e7\u00e3o, dependendo do tipo de produto no setor de panifica\u00e7\u00e3o que&#8230;<\/p>\n","protected":false},"author":1,"featured_media":0,"parent":0,"menu_order":0,"comment_status":"closed","ping_status":"closed","template":"","meta":[],"yoast_head":"<!-- This site is optimized with the Yoast SEO plugin v16.9 - https:\/\/yoast.com\/wordpress\/plugins\/seo\/ -->\n<title>Padaria | Gamas Verdes<\/title>\n<meta name=\"description\" content=\"Cons\u00faltanos y te aconsejaremos la mejor opci\u00f3n dependiendo a qu\u00e9 tipo de producto del sector de la panader\u00eda vayas a aplicar nuestro producto.\" \/>\n<meta name=\"robots\" content=\"index, follow, max-snippet:-1, max-image-preview:large, max-video-preview:-1\" \/>\n<link rel=\"canonical\" href=\"https:\/\/gamasverdes.com\/pt-pt\/padaria\/\" \/>\n<meta property=\"og:locale\" content=\"pt_PT\" \/>\n<meta property=\"og:type\" content=\"article\" \/>\n<meta property=\"og:title\" content=\"Padaria | Gamas Verdes\" \/>\n<meta property=\"og:description\" content=\"Cons\u00faltanos y te aconsejaremos la mejor opci\u00f3n dependiendo a qu\u00e9 tipo de producto del sector de la panader\u00eda vayas a aplicar nuestro producto.\" \/>\n<meta property=\"og:url\" content=\"https:\/\/gamasverdes.com\/pt-pt\/padaria\/\" \/>\n<meta property=\"og:site_name\" content=\"Gamas Verdes\" \/>\n<meta property=\"article:modified_time\" content=\"2019-09-10T08:21:41+00:00\" \/>\n<meta name=\"twitter:card\" content=\"summary_large_image\" \/>\n<script type=\"application\/ld+json\" class=\"yoast-schema-graph\">{\"@context\":\"https:\/\/schema.org\",\"@graph\":[{\"@type\":\"Organization\",\"@id\":\"https:\/\/gamasverdes.com\/#organization\",\"name\":\"Gamas Verdes\",\"url\":\"https:\/\/gamasverdes.com\/\",\"sameAs\":[],\"logo\":{\"@type\":\"ImageObject\",\"@id\":\"https:\/\/gamasverdes.com\/#logo\",\"inLanguage\":\"pt-PT\",\"url\":\"https:\/\/gamasverdes.com\/wp-content\/uploads\/2019\/08\/gamas-verdes-azucar-aditivos.png\",\"contentUrl\":\"https:\/\/gamasverdes.com\/wp-content\/uploads\/2019\/08\/gamas-verdes-azucar-aditivos.png\",\"width\":305,\"height\":247,\"caption\":\"Gamas Verdes\"},\"image\":{\"@id\":\"https:\/\/gamasverdes.com\/#logo\"}},{\"@type\":\"WebSite\",\"@id\":\"https:\/\/gamasverdes.com\/#website\",\"url\":\"https:\/\/gamasverdes.com\/\",\"name\":\"Gamas Verdes\",\"description\":\"Az\\u00facares l\\u00edquidos, org\\u00e1nicos, aditivos alimentarios y aditivos ecol\\u00f3gicos.\",\"publisher\":{\"@id\":\"https:\/\/gamasverdes.com\/#organization\"},\"potentialAction\":[{\"@type\":\"SearchAction\",\"target\":{\"@type\":\"EntryPoint\",\"urlTemplate\":\"https:\/\/gamasverdes.com\/?s={search_term_string}\"},\"query-input\":\"required name=search_term_string\"}],\"inLanguage\":\"pt-PT\"},{\"@type\":\"WebPage\",\"@id\":\"https:\/\/gamasverdes.com\/pt-pt\/padaria\/#webpage\",\"url\":\"https:\/\/gamasverdes.com\/pt-pt\/padaria\/\",\"name\":\"Padaria | Gamas Verdes\",\"isPartOf\":{\"@id\":\"https:\/\/gamasverdes.com\/#website\"},\"datePublished\":\"2019-08-23T07:38:47+00:00\",\"dateModified\":\"2019-09-10T08:21:41+00:00\",\"description\":\"Cons\\u00faltanos y te aconsejaremos la mejor opci\\u00f3n dependiendo a qu\\u00e9 tipo de producto del sector de la panader\\u00eda vayas a aplicar nuestro producto.\",\"breadcrumb\":{\"@id\":\"https:\/\/gamasverdes.com\/pt-pt\/padaria\/#breadcrumb\"},\"inLanguage\":\"pt-PT\",\"potentialAction\":[{\"@type\":\"ReadAction\",\"target\":[\"https:\/\/gamasverdes.com\/pt-pt\/padaria\/\"]}]},{\"@type\":\"BreadcrumbList\",\"@id\":\"https:\/\/gamasverdes.com\/pt-pt\/padaria\/#breadcrumb\",\"itemListElement\":[{\"@type\":\"ListItem\",\"position\":1,\"name\":\"Portada\",\"item\":\"https:\/\/gamasverdes.com\/pt-pt\/home\/\"},{\"@type\":\"ListItem\",\"position\":2,\"name\":\"Padaria\"}]}]}<\/script>\n<!-- \/ Yoast SEO plugin. -->","yoast_head_json":{"title":"Padaria | Gamas Verdes","description":"Cons\u00faltanos y te aconsejaremos la mejor opci\u00f3n dependiendo a qu\u00e9 tipo de producto del sector de la panader\u00eda vayas a aplicar nuestro producto.","robots":{"index":"index","follow":"follow","max-snippet":"max-snippet:-1","max-image-preview":"max-image-preview:large","max-video-preview":"max-video-preview:-1"},"canonical":"https:\/\/gamasverdes.com\/pt-pt\/padaria\/","og_locale":"pt_PT","og_type":"article","og_title":"Padaria | Gamas Verdes","og_description":"Cons\u00faltanos y te aconsejaremos la mejor opci\u00f3n dependiendo a qu\u00e9 tipo de producto del sector de la panader\u00eda vayas a aplicar nuestro producto.","og_url":"https:\/\/gamasverdes.com\/pt-pt\/padaria\/","og_site_name":"Gamas Verdes","article_modified_time":"2019-09-10T08:21:41+00:00","twitter_card":"summary_large_image","schema":{"@context":"https:\/\/schema.org","@graph":[{"@type":"Organization","@id":"https:\/\/gamasverdes.com\/#organization","name":"Gamas Verdes","url":"https:\/\/gamasverdes.com\/","sameAs":[],"logo":{"@type":"ImageObject","@id":"https:\/\/gamasverdes.com\/#logo","inLanguage":"pt-PT","url":"https:\/\/gamasverdes.com\/wp-content\/uploads\/2019\/08\/gamas-verdes-azucar-aditivos.png","contentUrl":"https:\/\/gamasverdes.com\/wp-content\/uploads\/2019\/08\/gamas-verdes-azucar-aditivos.png","width":305,"height":247,"caption":"Gamas Verdes"},"image":{"@id":"https:\/\/gamasverdes.com\/#logo"}},{"@type":"WebSite","@id":"https:\/\/gamasverdes.com\/#website","url":"https:\/\/gamasverdes.com\/","name":"Gamas Verdes","description":"Az\u00facares l\u00edquidos, org\u00e1nicos, aditivos alimentarios y aditivos ecol\u00f3gicos.","publisher":{"@id":"https:\/\/gamasverdes.com\/#organization"},"potentialAction":[{"@type":"SearchAction","target":{"@type":"EntryPoint","urlTemplate":"https:\/\/gamasverdes.com\/?s={search_term_string}"},"query-input":"required name=search_term_string"}],"inLanguage":"pt-PT"},{"@type":"WebPage","@id":"https:\/\/gamasverdes.com\/pt-pt\/padaria\/#webpage","url":"https:\/\/gamasverdes.com\/pt-pt\/padaria\/","name":"Padaria | Gamas Verdes","isPartOf":{"@id":"https:\/\/gamasverdes.com\/#website"},"datePublished":"2019-08-23T07:38:47+00:00","dateModified":"2019-09-10T08:21:41+00:00","description":"Cons\u00faltanos y te aconsejaremos la mejor opci\u00f3n dependiendo a qu\u00e9 tipo de producto del sector de la panader\u00eda vayas a aplicar nuestro producto.","breadcrumb":{"@id":"https:\/\/gamasverdes.com\/pt-pt\/padaria\/#breadcrumb"},"inLanguage":"pt-PT","potentialAction":[{"@type":"ReadAction","target":["https:\/\/gamasverdes.com\/pt-pt\/padaria\/"]}]},{"@type":"BreadcrumbList","@id":"https:\/\/gamasverdes.com\/pt-pt\/padaria\/#breadcrumb","itemListElement":[{"@type":"ListItem","position":1,"name":"Portada","item":"https:\/\/gamasverdes.com\/pt-pt\/home\/"},{"@type":"ListItem","position":2,"name":"Padaria"}]}]}},"_links":{"self":[{"href":"https:\/\/gamasverdes.com\/pt-pt\/wp-json\/wp\/v2\/pages\/816"}],"collection":[{"href":"https:\/\/gamasverdes.com\/pt-pt\/wp-json\/wp\/v2\/pages"}],"about":[{"href":"https:\/\/gamasverdes.com\/pt-pt\/wp-json\/wp\/v2\/types\/page"}],"author":[{"embeddable":true,"href":"https:\/\/gamasverdes.com\/pt-pt\/wp-json\/wp\/v2\/users\/1"}],"replies":[{"embeddable":true,"href":"https:\/\/gamasverdes.com\/pt-pt\/wp-json\/wp\/v2\/comments?post=816"}],"version-history":[{"count":0,"href":"https:\/\/gamasverdes.com\/pt-pt\/wp-json\/wp\/v2\/pages\/816\/revisions"}],"wp:attachment":[{"href":"https:\/\/gamasverdes.com\/pt-pt\/wp-json\/wp\/v2\/media?parent=816"}],"curies":[{"name":"wp","href":"https:\/\/api.w.org\/{rel}","templated":true}]}}