{"id":806,"date":"2019-08-22T12:35:00","date_gmt":"2019-08-22T10:35:00","guid":{"rendered":"https:\/\/gamasverdes.com\/refrescos\/"},"modified":"2019-09-10T10:51:20","modified_gmt":"2019-09-10T08:51:20","slug":"refrigerantes","status":"publish","type":"page","link":"https:\/\/gamasverdes.com\/pt-pt\/refrigerantes\/","title":{"rendered":"Refrigerantes"},"content":{"rendered":"\r\n<section class=\"sh-section sh-section-8ea8f03be1058056bfcafd155aeff920 fw-main-row sh-section-visibility-everywhere\">\r\n\t\r\n\t\r\n\t<div class=\"sh-section-container container\">\r\n\t\t<div class=\"fw-row\">\n\t\r\n<div class=\"sh-column sh-column-5768d3b9a58d07a3874241d205468ae7 fw-col-xs-12\" >\r\n\r\n\t\r\n\t<div class=\"sh-column-wrapper\">\r\n\t\t\r\n<div id=\"text-block-dae280c1d017672058ce7771c20a46af\" class=\"sh-text-block\">\r\n\t<h1>REFRIGERANTES<\/h1><\/div>\r\n\r\n<div id=\"text-block-aef97f5416001827137586c5a6118062\" class=\"sh-text-block\">\r\n\t<p>Para a prepara\u00e7\u00e3o de todos os tipos de refrigerantes, devemos levar em considera\u00e7\u00e3o a import\u00e2ncia da formula\u00e7\u00e3o. O processo de fabrica\u00e7\u00e3o de refrigerantes avan\u00e7a de acordo com os gostos e a demanda dos consumidores. Na Gamas Verdes, criamos solu\u00e7\u00f5es adaptadas a cada cliente no setor de a\u00e7\u00facar e ado\u00e7antes para atender \u00e0s necessidades de cada cliente e produto.<\/p><\/div>\r\n\t<\/div>\r\n\r\n\r\n\t\t\r\n\r\n<\/div>\r\n<\/div>\n\n\t<\/div>\r\n<\/section>\r\n\n","protected":false},"excerpt":{"rendered":"<p>REFRIGERANTES Para a prepara\u00e7\u00e3o de todos os tipos de refrigerantes, devemos levar em considera\u00e7\u00e3o a import\u00e2ncia da formula\u00e7\u00e3o. O processo de fabrica\u00e7\u00e3o de refrigerantes avan\u00e7a de acordo com os gostos e a demanda dos consumidores. Na Gamas Verdes, criamos solu\u00e7\u00f5es adaptadas a cada cliente no&#8230;<\/p>\n","protected":false},"author":1,"featured_media":0,"parent":0,"menu_order":0,"comment_status":"closed","ping_status":"closed","template":"","meta":[],"yoast_head":"<!-- This site is optimized with the Yoast SEO plugin v16.9 - https:\/\/yoast.com\/wordpress\/plugins\/seo\/ -->\n<title>Refrigerantes | Gamas Verdes<\/title>\n<meta name=\"robots\" content=\"index, follow, max-snippet:-1, max-image-preview:large, max-video-preview:-1\" \/>\n<link rel=\"canonical\" href=\"https:\/\/gamasverdes.com\/pt-pt\/refrigerantes\/\" \/>\n<meta property=\"og:locale\" content=\"pt_PT\" \/>\n<meta property=\"og:type\" content=\"article\" \/>\n<meta property=\"og:title\" content=\"Refrigerantes | Gamas Verdes\" \/>\n<meta property=\"og:description\" content=\"REFRIGERANTES Para a prepara\u00e7\u00e3o de todos os tipos de refrigerantes, devemos levar em considera\u00e7\u00e3o a import\u00e2ncia da formula\u00e7\u00e3o. O processo de fabrica\u00e7\u00e3o de refrigerantes avan\u00e7a de acordo com os gostos e a demanda dos consumidores. Na Gamas Verdes, criamos solu\u00e7\u00f5es adaptadas a cada cliente no...\" \/>\n<meta property=\"og:url\" content=\"https:\/\/gamasverdes.com\/pt-pt\/refrigerantes\/\" \/>\n<meta property=\"og:site_name\" content=\"Gamas Verdes\" \/>\n<meta property=\"article:modified_time\" content=\"2019-09-10T08:51:20+00:00\" \/>\n<meta name=\"twitter:card\" content=\"summary_large_image\" \/>\n<script type=\"application\/ld+json\" class=\"yoast-schema-graph\">{\"@context\":\"https:\/\/schema.org\",\"@graph\":[{\"@type\":\"Organization\",\"@id\":\"https:\/\/gamasverdes.com\/#organization\",\"name\":\"Gamas Verdes\",\"url\":\"https:\/\/gamasverdes.com\/\",\"sameAs\":[],\"logo\":{\"@type\":\"ImageObject\",\"@id\":\"https:\/\/gamasverdes.com\/#logo\",\"inLanguage\":\"pt-PT\",\"url\":\"https:\/\/gamasverdes.com\/wp-content\/uploads\/2019\/08\/gamas-verdes-azucar-aditivos.png\",\"contentUrl\":\"https:\/\/gamasverdes.com\/wp-content\/uploads\/2019\/08\/gamas-verdes-azucar-aditivos.png\",\"width\":305,\"height\":247,\"caption\":\"Gamas Verdes\"},\"image\":{\"@id\":\"https:\/\/gamasverdes.com\/#logo\"}},{\"@type\":\"WebSite\",\"@id\":\"https:\/\/gamasverdes.com\/#website\",\"url\":\"https:\/\/gamasverdes.com\/\",\"name\":\"Gamas Verdes\",\"description\":\"Az\\u00facares l\\u00edquidos, org\\u00e1nicos, aditivos alimentarios y aditivos ecol\\u00f3gicos.\",\"publisher\":{\"@id\":\"https:\/\/gamasverdes.com\/#organization\"},\"potentialAction\":[{\"@type\":\"SearchAction\",\"target\":{\"@type\":\"EntryPoint\",\"urlTemplate\":\"https:\/\/gamasverdes.com\/?s={search_term_string}\"},\"query-input\":\"required name=search_term_string\"}],\"inLanguage\":\"pt-PT\"},{\"@type\":\"WebPage\",\"@id\":\"https:\/\/gamasverdes.com\/pt-pt\/refrigerantes\/#webpage\",\"url\":\"https:\/\/gamasverdes.com\/pt-pt\/refrigerantes\/\",\"name\":\"Refrigerantes | Gamas Verdes\",\"isPartOf\":{\"@id\":\"https:\/\/gamasverdes.com\/#website\"},\"datePublished\":\"2019-08-22T10:35:00+00:00\",\"dateModified\":\"2019-09-10T08:51:20+00:00\",\"breadcrumb\":{\"@id\":\"https:\/\/gamasverdes.com\/pt-pt\/refrigerantes\/#breadcrumb\"},\"inLanguage\":\"pt-PT\",\"potentialAction\":[{\"@type\":\"ReadAction\",\"target\":[\"https:\/\/gamasverdes.com\/pt-pt\/refrigerantes\/\"]}]},{\"@type\":\"BreadcrumbList\",\"@id\":\"https:\/\/gamasverdes.com\/pt-pt\/refrigerantes\/#breadcrumb\",\"itemListElement\":[{\"@type\":\"ListItem\",\"position\":1,\"name\":\"Portada\",\"item\":\"https:\/\/gamasverdes.com\/pt-pt\/home\/\"},{\"@type\":\"ListItem\",\"position\":2,\"name\":\"Refrigerantes\"}]}]}<\/script>\n<!-- \/ Yoast SEO plugin. -->","yoast_head_json":{"title":"Refrigerantes | Gamas Verdes","robots":{"index":"index","follow":"follow","max-snippet":"max-snippet:-1","max-image-preview":"max-image-preview:large","max-video-preview":"max-video-preview:-1"},"canonical":"https:\/\/gamasverdes.com\/pt-pt\/refrigerantes\/","og_locale":"pt_PT","og_type":"article","og_title":"Refrigerantes | Gamas Verdes","og_description":"REFRIGERANTES Para a prepara\u00e7\u00e3o de todos os tipos de refrigerantes, devemos levar em considera\u00e7\u00e3o a import\u00e2ncia da formula\u00e7\u00e3o. O processo de fabrica\u00e7\u00e3o de refrigerantes avan\u00e7a de acordo com os gostos e a demanda dos consumidores. Na Gamas Verdes, criamos solu\u00e7\u00f5es adaptadas a cada cliente no...","og_url":"https:\/\/gamasverdes.com\/pt-pt\/refrigerantes\/","og_site_name":"Gamas Verdes","article_modified_time":"2019-09-10T08:51:20+00:00","twitter_card":"summary_large_image","schema":{"@context":"https:\/\/schema.org","@graph":[{"@type":"Organization","@id":"https:\/\/gamasverdes.com\/#organization","name":"Gamas Verdes","url":"https:\/\/gamasverdes.com\/","sameAs":[],"logo":{"@type":"ImageObject","@id":"https:\/\/gamasverdes.com\/#logo","inLanguage":"pt-PT","url":"https:\/\/gamasverdes.com\/wp-content\/uploads\/2019\/08\/gamas-verdes-azucar-aditivos.png","contentUrl":"https:\/\/gamasverdes.com\/wp-content\/uploads\/2019\/08\/gamas-verdes-azucar-aditivos.png","width":305,"height":247,"caption":"Gamas Verdes"},"image":{"@id":"https:\/\/gamasverdes.com\/#logo"}},{"@type":"WebSite","@id":"https:\/\/gamasverdes.com\/#website","url":"https:\/\/gamasverdes.com\/","name":"Gamas Verdes","description":"Az\u00facares l\u00edquidos, org\u00e1nicos, aditivos alimentarios y aditivos ecol\u00f3gicos.","publisher":{"@id":"https:\/\/gamasverdes.com\/#organization"},"potentialAction":[{"@type":"SearchAction","target":{"@type":"EntryPoint","urlTemplate":"https:\/\/gamasverdes.com\/?s={search_term_string}"},"query-input":"required name=search_term_string"}],"inLanguage":"pt-PT"},{"@type":"WebPage","@id":"https:\/\/gamasverdes.com\/pt-pt\/refrigerantes\/#webpage","url":"https:\/\/gamasverdes.com\/pt-pt\/refrigerantes\/","name":"Refrigerantes | Gamas Verdes","isPartOf":{"@id":"https:\/\/gamasverdes.com\/#website"},"datePublished":"2019-08-22T10:35:00+00:00","dateModified":"2019-09-10T08:51:20+00:00","breadcrumb":{"@id":"https:\/\/gamasverdes.com\/pt-pt\/refrigerantes\/#breadcrumb"},"inLanguage":"pt-PT","potentialAction":[{"@type":"ReadAction","target":["https:\/\/gamasverdes.com\/pt-pt\/refrigerantes\/"]}]},{"@type":"BreadcrumbList","@id":"https:\/\/gamasverdes.com\/pt-pt\/refrigerantes\/#breadcrumb","itemListElement":[{"@type":"ListItem","position":1,"name":"Portada","item":"https:\/\/gamasverdes.com\/pt-pt\/home\/"},{"@type":"ListItem","position":2,"name":"Refrigerantes"}]}]}},"_links":{"self":[{"href":"https:\/\/gamasverdes.com\/pt-pt\/wp-json\/wp\/v2\/pages\/806"}],"collection":[{"href":"https:\/\/gamasverdes.com\/pt-pt\/wp-json\/wp\/v2\/pages"}],"about":[{"href":"https:\/\/gamasverdes.com\/pt-pt\/wp-json\/wp\/v2\/types\/page"}],"author":[{"embeddable":true,"href":"https:\/\/gamasverdes.com\/pt-pt\/wp-json\/wp\/v2\/users\/1"}],"replies":[{"embeddable":true,"href":"https:\/\/gamasverdes.com\/pt-pt\/wp-json\/wp\/v2\/comments?post=806"}],"version-history":[{"count":0,"href":"https:\/\/gamasverdes.com\/pt-pt\/wp-json\/wp\/v2\/pages\/806\/revisions"}],"wp:attachment":[{"href":"https:\/\/gamasverdes.com\/pt-pt\/wp-json\/wp\/v2\/media?parent=806"}],"curies":[{"name":"wp","href":"https:\/\/api.w.org\/{rel}","templated":true}]}}