{"id":580,"date":"2019-08-12T09:51:03","date_gmt":"2019-08-12T07:51:03","guid":{"rendered":"https:\/\/gamasverdes.com\/sectores-azucar-liquido\/"},"modified":"2019-09-10T10:58:34","modified_gmt":"2019-09-10T08:58:34","slug":"setores-de-acucar-liquido","status":"publish","type":"page","link":"https:\/\/gamasverdes.com\/pt-pt\/setores-de-acucar-liquido\/","title":{"rendered":"SETORES DE A\u00c7\u00daCAR L\u00cdQUIDO"},"content":{"rendered":"\r\n<section class=\"sh-section sh-section-27a80a81cd0e169694174e8beb80a9e0 fw-main-row sh-section-visibility-everywhere\" id=\"about\">\r\n\t\r\n\t\r\n\t<div class=\"sh-section-container container\">\r\n\t\t<div class=\"fw-row\">\n\t\r\n<div class=\"sh-column sh-column-d3fb99e07de7b58297c4f4554fce4a31 fw-col-xs-12 fw-col-sm-2 sh-animated fadeInUp\" data-wow-duration=\"0.7s\"data-wow-delay=\"0.6s\">\r\n\r\n\t\r\n\t<div class=\"sh-column-wrapper\">\r\n\t\t\t<\/div>\r\n\r\n\r\n\t\t\r\n\r\n<\/div>\r\n\r\n<div class=\"sh-column sh-column-fac90fcdde85917e8e18e14e4af86600 fw-col-xs-12 fw-col-sm-8\" >\r\n\r\n\t\r\n\t<div class=\"sh-column-wrapper\">\r\n\t\t\r\n\r\n\t<div class=\"sh-heading sh-heading-style1\" id=\"heading-cf0ce48c03243bfb747bb2fc4663abb1\">\r\n\t\t<h1 class=\"sh-heading-content size-custom\">\r\n\t\t\t<span style=\"text-align: center;\">A\u00c7\u00daCAR L\u00cdQUIDO<\/span>\t\t<\/h1>\r\n\t<\/div>\r\n\r\n\r\n<div class=\"sh-heading  \" id=\"heading-3be57c0d5d481e08388c006f0215ca20\">\r\n\t<div class=\"sh-element-margin\">\r\n\r\n\t\t\r\n\t\t\t<h5 class=\"sh-heading-content size-custom text-center\">\r\n\t\t\t\tPRINCIPAIS SETORES DE APLICA\u00c7\u00c3O\t\t\t<\/h5>\r\n\r\n\t\t\r\n\t<\/div>\r\n<\/div>\r\n\r\n\r\n\t<div class=\"sh-heading sh-heading-style1\" id=\"heading-f06b9be64e9e9570264aee3ed80db6f5\">\r\n\t\t<h4 class=\"sh-heading-content size-custom\">\r\n\t\t\t<span style=\"text-align: center;\">Aqui apresentamos os principais setores para os quais nossa venda e distribui\u00e7\u00e3o de aditivos alimentares e a\u00e7\u00facar l\u00edquido \u00e9 direcionada. Setores como a fabrica\u00e7\u00e3o de sucos, n\u00e9ctares, bebidas alco\u00f3licas em maior ou menor grau, preservam e tamb\u00e9m no setor ap\u00edcola como alimento para as abelhas.<\/span>\t\t<\/h4>\r\n\t<\/div>\r\n\r\n\t<\/div>\r\n\r\n\r\n\t\t\r\n\r\n<\/div>\r\n\r\n<div class=\"sh-column sh-column-a8654de38171e2b09d8ca2ee35ab0128 fw-col-xs-12 fw-col-sm-2 sh-animated fadeInUp\" data-wow-duration=\"0.7s\"data-wow-delay=\"0.6s\">\r\n\r\n\t\r\n\t<div class=\"sh-column-wrapper\">\r\n\t\t\t<\/div>\r\n\r\n\r\n\t\t\r\n\r\n<\/div>\r\n<\/div>\n\n<div class=\"fw-row\">\n\t\r\n<div class=\"sh-column sh-column-60daa5c1967c9b106a57a7e2b7a0182b fw-col-xs-12 fw-col-sm-4\" >\r\n\r\n\t\r\n\t<div class=\"sh-column-wrapper\">\r\n\t\t\r\n<div class=\"sh-heading  \" id=\"heading-774e6897c0fdfc44d75fed23fc06cc77\">\r\n\t<div class=\"sh-element-margin\">\r\n\r\n\t\t<a href=\"https:\/\/gamasverdes.com\/pt-pt\/bebidas-alcoolicas\/\" target=\"_self\">\r\n\t\t\t<h3 class=\"sh-heading-content size-l text-center\">\r\n\t\t\t\tBebidas Alco\u00f3licas\t\t\t<\/h3>\r\n\r\n\t\t<\/a>\r\n\t<\/div>\r\n<\/div>\r\n\r\n<div id=\"single-image-6cae1b36ddd29fa0e97da7d63d8ef620\" class=\"sh-single-image   sh-single-image-has-hover\">\r\n\t<div class=\"sh-element-margin\">\r\n\t\t\r\n\t\t\r\n\t\t\t<div class=\"sh-single-image-container\">\r\n\t\t\t\t\t\t\t\t\t\t\t\t\t\t\t<a href=\"https:\/\/gamasverdes.com\/pt-pt\/bebidas-alcoolicas\/\">\r\n\t\t\t\t\t\r\n\t\t\t\t\t\t\t\t\t\t\t\t\t<img class=\"sh-image-url\" src=\"https:\/\/gamasverdes.com\/wp-content\/uploads\/2019\/08\/AZUCAR-PARA-BEBIDAS-ONLINE.jpeg\" alt=\"AZUCAR PARA BEBIDAS ONLINE\" \/>\r\n\t\t\t\t\t\t\t\t\t\t\t\t\t\t\t<img class=\"sh-image-hover\" src=\"https:\/\/gamasverdes.com\/wp-content\/uploads\/2019\/08\/AC\u0327U\u0301CAR-PARA-BEBIDAS-ONLINE.jpeg\" alt=\"AZUCAR PARA BEBIDAS ONLINE\" \/>\r\n\t\t\t\t\t\t\t\t\t\t\t\t\t\r\n\t\t\t\t\t\t\t\t\t\t\t<\/a>\r\n\t\t\t\t\t\t\t\t\t\r\n\t\t\t\t\t\t\t<\/div>\r\n\r\n\t\t\r\n\t<\/div>\r\n<\/div>\r\n\t<\/div>\r\n\r\n\r\n\t\t\r\n\r\n<\/div>\r\n\r\n<div class=\"sh-column sh-column-7ba8aaa14a40cfb93a58b5e673e0c461 fw-col-xs-12 fw-col-sm-4\" >\r\n\r\n\t\r\n\t<div class=\"sh-column-wrapper\">\r\n\t\t\r\n<div class=\"sh-heading  \" id=\"heading-f0d3ee99f0d51e1d92a3dc242492b4c1\">\r\n\t<div class=\"sh-element-margin\">\r\n\r\n\t\t<a href=\"https:\/\/gamasverdes.com\/pt-pt\/refrigerantes\/\" target=\"_self\">\r\n\t\t\t<h3 class=\"sh-heading-content size-l text-center\">\r\n\t\t\t\tRefrigerantes\t\t\t<\/h3>\r\n\r\n\t\t<\/a>\r\n\t<\/div>\r\n<\/div>\r\n\r\n<div id=\"single-image-925d8eea53faf846e8e4d23d4f1b312f\" class=\"sh-single-image   sh-single-image-has-hover\">\r\n\t<div class=\"sh-element-margin\">\r\n\t\t\r\n\t\t\r\n\t\t\t<div class=\"sh-single-image-container\">\r\n\t\t\t\t\t\t\t\t\t\t\t\t\t\t\t<a href=\"https:\/\/gamasverdes.com\/pt-pt\/refrigerantes\/\">\r\n\t\t\t\t\t\r\n\t\t\t\t\t\t\t\t\t\t\t\t\t<img class=\"sh-image-url\" src=\"https:\/\/gamasverdes.com\/wp-content\/uploads\/2019\/08\/azucar-para-hacer-refrescos.jpg\" alt=\"azucar para hacer refrescos\" \/>\r\n\t\t\t\t\t\t\t\t\t\t\t\t\t\t\t<img class=\"sh-image-hover\" src=\"https:\/\/gamasverdes.com\/wp-content\/uploads\/2019\/08\/Ac\u0327u\u0301car-para-fazer-refrigerante.jpg\" alt=\"azucar para hacer refrescos\" \/>\r\n\t\t\t\t\t\t\t\t\t\t\t\t\t\r\n\t\t\t\t\t\t\t\t\t\t\t<\/a>\r\n\t\t\t\t\t\t\t\t\t\r\n\t\t\t\t\t\t\t<\/div>\r\n\r\n\t\t\r\n\t<\/div>\r\n<\/div>\r\n\t<\/div>\r\n\r\n\r\n\t\t\r\n\r\n<\/div>\r\n\r\n<div class=\"sh-column sh-column-dd24e43019a29e61580f1dab745f38c6 fw-col-xs-12 fw-col-sm-4\" >\r\n\r\n\t\r\n\t<div class=\"sh-column-wrapper\">\r\n\t\t\r\n<div class=\"sh-heading  \" id=\"heading-7cebceb802dac94a0d7c518a716d09a5\">\r\n\t<div class=\"sh-element-margin\">\r\n\r\n\t\t<a href=\"https:\/\/gamasverdes.com\/pt-pt\/acucar-para-abelhas\/\" target=\"_self\">\r\n\t\t\t<h3 class=\"sh-heading-content size-l text-center\">\r\n\t\t\t\tSetor de Apicultura\t\t\t<\/h3>\r\n\r\n\t\t<\/a>\r\n\t<\/div>\r\n<\/div>\r\n\r\n<div id=\"single-image-99806344a3ffd3a1257e2731018cbab2\" class=\"sh-single-image   sh-single-image-has-hover\">\r\n\t<div class=\"sh-element-margin\">\r\n\t\t\r\n\t\t\r\n\t\t\t<div class=\"sh-single-image-container\">\r\n\t\t\t\t\t\t\t\t\t\t\t\t\t\t\t<a href=\"https:\/\/gamasverdes.com\/pt-pt\/acucar-para-abelhas\/\">\r\n\t\t\t\t\t\r\n\t\t\t\t\t\t\t\t\t\t\t\t\t<img class=\"sh-image-url\" src=\"https:\/\/gamasverdes.com\/wp-content\/uploads\/2019\/08\/alimento-abejas-azucar.jpg\" alt=\"alimento abejas azucar\" \/>\r\n\t\t\t\t\t\t\t\t\t\t\t\t\t\t\t<img class=\"sh-image-hover\" src=\"https:\/\/gamasverdes.com\/wp-content\/uploads\/2019\/08\/alimento-abejas-azucar-pt.jpg\" alt=\"alimento abejas azucar\" \/>\r\n\t\t\t\t\t\t\t\t\t\t\t\t\t\r\n\t\t\t\t\t\t\t\t\t\t\t<\/a>\r\n\t\t\t\t\t\t\t\t\t\r\n\t\t\t\t\t\t\t<\/div>\r\n\r\n\t\t\r\n\t<\/div>\r\n<\/div>\r\n\t<\/div>\r\n\r\n\r\n\t\t\r\n\r\n<\/div>\r\n<\/div>\n\n<div class=\"fw-row\">\n\t\r\n<div class=\"sh-column sh-column-e5c9c2721578e08e1b422919f16a6ec1 fw-col-xs-12 fw-col-sm-4\" >\r\n\r\n\t\r\n\t<div class=\"sh-column-wrapper\">\r\n\t\t\r\n<div class=\"sh-heading  \" id=\"heading-d75e58057c6c31c4a0577e416d58139a\">\r\n\t<div class=\"sh-element-margin\">\r\n\r\n\t\t<a href=\"https:\/\/gamasverdes.com\/pt-pt\/adocantes-de-suco\/\" target=\"_self\">\r\n\t\t\t<h3 class=\"sh-heading-content size-l text-center\">\r\n\t\t\t\tSucos\t\t\t<\/h3>\r\n\r\n\t\t<\/a>\r\n\t<\/div>\r\n<\/div>\r\n\r\n<div id=\"single-image-da6db77006717ebfc51500bd23ba436b\" class=\"sh-single-image   sh-single-image-has-hover\">\r\n\t<div class=\"sh-element-margin\">\r\n\t\t\r\n\t\t\r\n\t\t\t<div class=\"sh-single-image-container\">\r\n\t\t\t\t\t\t\t\t\t\t\t\t\t\t\t<a href=\"https:\/\/gamasverdes.com\/pt-pt\/adocantes-de-suco\/\">\r\n\t\t\t\t\t\r\n\t\t\t\t\t\t\t\t\t\t\t\t\t<img class=\"sh-image-url\" src=\"https:\/\/gamasverdes.com\/wp-content\/uploads\/2019\/08\/azucar-liquido-para-zumo.jpg\" alt=\"azucar liquido para zumo\" \/>\r\n\t\t\t\t\t\t\t\t\t\t\t\t\t\t\t<img class=\"sh-image-hover\" src=\"https:\/\/gamasverdes.com\/wp-content\/uploads\/2019\/08\/Ac\u0327u\u0301car-li\u0301quido-para-suco.jpg\" alt=\"azucar liquido para zumo\" \/>\r\n\t\t\t\t\t\t\t\t\t\t\t\t\t\r\n\t\t\t\t\t\t\t\t\t\t\t<\/a>\r\n\t\t\t\t\t\t\t\t\t\r\n\t\t\t\t\t\t\t<\/div>\r\n\r\n\t\t\r\n\t<\/div>\r\n<\/div>\r\n\t<\/div>\r\n\r\n\r\n\t\t\r\n\r\n<\/div>\r\n\r\n<div class=\"sh-column sh-column-a0bbcfc6650a7455c0c03024c867bd5c fw-col-xs-12 fw-col-sm-4\" >\r\n\r\n\t\r\n\t<div class=\"sh-column-wrapper\">\r\n\t\t\r\n<div class=\"sh-heading  \" id=\"heading-e9b9fd33ef936b76b42136d1d24305e2\">\r\n\t<div class=\"sh-element-margin\">\r\n\r\n\t\t<a href=\"https:\/\/gamasverdes.com\/pt-pt\/adocantes-para-nectares-de-frutas\/\" target=\"_self\">\r\n\t\t\t<h3 class=\"sh-heading-content size-l text-center\">\r\n\t\t\t\tN\u00e9ctares\t\t\t<\/h3>\r\n\r\n\t\t<\/a>\r\n\t<\/div>\r\n<\/div>\r\n\r\n<div id=\"single-image-ad567fbc11d959dce4a3fc1d3a92f2e1\" class=\"sh-single-image   sh-single-image-has-hover\">\r\n\t<div class=\"sh-element-margin\">\r\n\t\t\r\n\t\t\r\n\t\t\t<div class=\"sh-single-image-container\">\r\n\t\t\t\t\t\t\t\t\t\t\t\t\t\t\t<a href=\"https:\/\/gamasverdes.com\/pt-pt\/adocantes-para-nectares-de-frutas\/\">\r\n\t\t\t\t\t\r\n\t\t\t\t\t\t\t\t\t\t\t\t\t<img class=\"sh-image-url\" src=\"https:\/\/gamasverdes.com\/wp-content\/uploads\/2019\/08\/azucar-liquido-para-nectar.jpg\" alt=\"azucar liquido para nectar\" \/>\r\n\t\t\t\t\t\t\t\t\t\t\t\t\t\t\t<img class=\"sh-image-hover\" src=\"https:\/\/gamasverdes.com\/wp-content\/uploads\/2019\/08\/ac\u0327u\u0301car-ao-ne\u0301ctar.jpg\" alt=\"azucar liquido para nectar\" \/>\r\n\t\t\t\t\t\t\t\t\t\t\t\t\t\r\n\t\t\t\t\t\t\t\t\t\t\t<\/a>\r\n\t\t\t\t\t\t\t\t\t\r\n\t\t\t\t\t\t\t<\/div>\r\n\r\n\t\t\r\n\t<\/div>\r\n<\/div>\r\n\t<\/div>\r\n\r\n\r\n\t\t\r\n\r\n<\/div>\r\n\r\n<div class=\"sh-column sh-column-1efb338404462aa92dbaa0c1b1ac1a2c fw-col-xs-12 fw-col-sm-4\" >\r\n\r\n\t\r\n\t<div class=\"sh-column-wrapper\">\r\n\t\t\r\n<div class=\"sh-heading  \" id=\"heading-6765c401c847d99b1a9e67a355894ca3\">\r\n\t<div class=\"sh-element-margin\">\r\n\r\n\t\t<a href=\"https:\/\/gamasverdes.com\/pt-pt\/marmelada\/\" target=\"_self\">\r\n\t\t\t<h3 class=\"sh-heading-content size-l text-center\">\r\n\t\t\t\tCompotas\t\t\t<\/h3>\r\n\r\n\t\t<\/a>\r\n\t<\/div>\r\n<\/div>\r\n\r\n<div id=\"single-image-eaf0b33066e351aaf41c6d6ccd4fdcf0\" class=\"sh-single-image   sh-single-image-has-hover\">\r\n\t<div class=\"sh-element-margin\">\r\n\t\t\r\n\t\t\r\n\t\t\t<div class=\"sh-single-image-container\">\r\n\t\t\t\t\t\t\t\t\t\t\t\t\t\t\t<a href=\"https:\/\/gamasverdes.com\/pt-pt\/marmelada\/\">\r\n\t\t\t\t\t\r\n\t\t\t\t\t\t\t\t\t\t\t\t\t<img class=\"sh-image-url\" src=\"https:\/\/gamasverdes.com\/wp-content\/uploads\/2019\/08\/azucar-para-conservas-venta.jpg\" alt=\"azucar para conservas venta\" \/>\r\n\t\t\t\t\t\t\t\t\t\t\t\t\t\t\t<img class=\"sh-image-hover\" src=\"https:\/\/gamasverdes.com\/wp-content\/uploads\/2019\/08\/aditivos-alimentares.jpg\" alt=\"azucar para conservas venta\" \/>\r\n\t\t\t\t\t\t\t\t\t\t\t\t\t\r\n\t\t\t\t\t\t\t\t\t\t\t<\/a>\r\n\t\t\t\t\t\t\t\t\t\r\n\t\t\t\t\t\t\t<\/div>\r\n\r\n\t\t\r\n\t<\/div>\r\n<\/div>\r\n\t<\/div>\r\n\r\n\r\n\t\t\r\n\r\n<\/div>\r\n<\/div>\n\n<div class=\"fw-row\">\n\t\r\n<div class=\"sh-column sh-column-82016e5b6148417738d106efb87aad4a fw-col-xs-12 fw-col-sm-4\" >\r\n\r\n\t\r\n\t<div class=\"sh-column-wrapper\">\r\n\t\t\r\n<div class=\"sh-heading  \" id=\"heading-1602df5d025b2dc5cf292abb52fdb86f\">\r\n\t<div class=\"sh-element-margin\">\r\n\r\n\t\t<a href=\"https:\/\/gamasverdes.com\/pt-pt\/produtos-lacteos-e-derivados\/\" target=\"_self\">\r\n\t\t\t<h3 class=\"sh-heading-content size-l text-center\">\r\n\t\t\t\tProdutos l\u00e1cteos e derivados\t\t\t<\/h3>\r\n\r\n\t\t<\/a>\r\n\t<\/div>\r\n<\/div>\r\n\r\n<div id=\"single-image-4719c9081709746360f80d127fea564c\" class=\"sh-single-image   sh-single-image-has-hover\">\r\n\t<div class=\"sh-element-margin\">\r\n\t\t\r\n\t\t\r\n\t\t\t<div class=\"sh-single-image-container\">\r\n\t\t\t\t\t\t\t\t\t\t\t\t\t\t\t<a href=\"https:\/\/gamasverdes.com\/pt-pt\/produtos-lacteos-e-derivados\/\">\r\n\t\t\t\t\t\r\n\t\t\t\t\t\t\t\t\t\t\t\t\t<img class=\"sh-image-url\" src=\"https:\/\/gamasverdes.com\/wp-content\/uploads\/2019\/08\/edulcorante-para-leche.jpg\" alt=\"edulcorante para leche\" \/>\r\n\t\t\t\t\t\t\t\t\t\t\t\t\t\t\t<img class=\"sh-image-hover\" src=\"https:\/\/gamasverdes.com\/wp-content\/uploads\/2019\/08\/adoc\u0327ante-de-leite.jpg\" alt=\"edulcorante para leche\" \/>\r\n\t\t\t\t\t\t\t\t\t\t\t\t\t\r\n\t\t\t\t\t\t\t\t\t\t\t<\/a>\r\n\t\t\t\t\t\t\t\t\t\r\n\t\t\t\t\t\t\t<\/div>\r\n\r\n\t\t\r\n\t<\/div>\r\n<\/div>\r\n\t<\/div>\r\n\r\n\r\n\t\t\r\n\r\n<\/div>\r\n\r\n<div class=\"sh-column sh-column-038c8387fde0819783d60c2a3a8931a2 fw-col-xs-12 fw-col-sm-4\" >\r\n\r\n\t\r\n\t<div class=\"sh-column-wrapper\">\r\n\t\t\r\n<div class=\"sh-heading  \" id=\"heading-e16dd850c4b35a525f37b05c22347a9c\">\r\n\t<div class=\"sh-element-margin\">\r\n\r\n\t\t<a href=\"https:\/\/gamasverdes.com\/pt-pt\/pastelaria\/\" target=\"_self\">\r\n\t\t\t<h3 class=\"sh-heading-content size-l text-center\">\r\n\t\t\t\tPastelaria\t\t\t<\/h3>\r\n\r\n\t\t<\/a>\r\n\t<\/div>\r\n<\/div>\r\n\r\n<div id=\"single-image-44d1911e94cde2f9f2aa06f8f7fa0330\" class=\"sh-single-image   sh-single-image-has-hover\">\r\n\t<div class=\"sh-element-margin\">\r\n\t\t\r\n\t\t\r\n\t\t\t<div class=\"sh-single-image-container\">\r\n\t\t\t\t\t\t\t\t\t\t\t\t\t\t\t<a href=\"https:\/\/gamasverdes.com\/pt-pt\/pastelaria\/\">\r\n\t\t\t\t\t\r\n\t\t\t\t\t\t\t\t\t\t\t\t\t<img class=\"sh-image-url\" src=\"https:\/\/gamasverdes.com\/wp-content\/uploads\/2019\/08\/azucar-liquido-pasteles-comprar.jpg\" alt=\"azucar liquido pasteles comprar\" \/>\r\n\t\t\t\t\t\t\t\t\t\t\t\t\t\t\t<img class=\"sh-image-hover\" src=\"https:\/\/gamasverdes.com\/wp-content\/uploads\/2019\/08\/ac\u0327u\u0301car-de-pastelaria.jpg\" alt=\"azucar liquido pasteles comprar\" \/>\r\n\t\t\t\t\t\t\t\t\t\t\t\t\t\r\n\t\t\t\t\t\t\t\t\t\t\t<\/a>\r\n\t\t\t\t\t\t\t\t\t\r\n\t\t\t\t\t\t\t<\/div>\r\n\r\n\t\t\r\n\t<\/div>\r\n<\/div>\r\n\t<\/div>\r\n\r\n\r\n\t\t\r\n\r\n<\/div>\r\n\r\n<div class=\"sh-column sh-column-f1ad26988224066b742b39550e7acc0f fw-col-xs-12 fw-col-sm-4\" >\r\n\r\n\t\r\n\t<div class=\"sh-column-wrapper\">\r\n\t\t\r\n<div class=\"sh-heading  \" id=\"heading-394b2ae7116f0089f16d434d5a31bbd6\">\r\n\t<div class=\"sh-element-margin\">\r\n\r\n\t\t<a href=\"https:\/\/gamasverdes.com\/pt-pt\/padaria\/\" target=\"_self\">\r\n\t\t\t<h3 class=\"sh-heading-content size-l text-center\">\r\n\t\t\t\tPadaria\t\t\t<\/h3>\r\n\r\n\t\t<\/a>\r\n\t<\/div>\r\n<\/div>\r\n\r\n<div id=\"single-image-92e263cac48a25a152a240683ac28b7d\" class=\"sh-single-image   sh-single-image-has-hover\">\r\n\t<div class=\"sh-element-margin\">\r\n\t\t\r\n\t\t\r\n\t\t\t<div class=\"sh-single-image-container\">\r\n\t\t\t\t\t\t\t\t\t\t\t\t\t\t\t<a href=\"https:\/\/gamasverdes.com\/pt-pt\/padaria\/\">\r\n\t\t\t\t\t\r\n\t\t\t\t\t\t\t\t\t\t\t\t\t<img class=\"sh-image-url\" src=\"https:\/\/gamasverdes.com\/wp-content\/uploads\/2019\/08\/azucar-liquido-para-pan.jpg\" alt=\"azucar liquido para pan\" \/>\r\n\t\t\t\t\t\t\t\t\t\t\t\t\t\t\t<img class=\"sh-image-hover\" src=\"https:\/\/gamasverdes.com\/wp-content\/uploads\/2019\/08\/padaria.jpg\" alt=\"azucar liquido para pan\" \/>\r\n\t\t\t\t\t\t\t\t\t\t\t\t\t\r\n\t\t\t\t\t\t\t\t\t\t\t<\/a>\r\n\t\t\t\t\t\t\t\t\t\r\n\t\t\t\t\t\t\t<\/div>\r\n\r\n\t\t\r\n\t<\/div>\r\n<\/div>\r\n\t<\/div>\r\n\r\n\r\n\t\t\r\n\r\n<\/div>\r\n<\/div>\n\n\t<\/div>\r\n<\/section>\r\n\n","protected":false},"excerpt":{"rendered":"<p>A\u00c7\u00daCAR L\u00cdQUIDO PRINCIPAIS SETORES DE APLICA\u00c7\u00c3O Aqui apresentamos os principais setores para os quais nossa venda e distribui\u00e7\u00e3o de aditivos alimentares e a\u00e7\u00facar l\u00edquido \u00e9 direcionada. Setores como a fabrica\u00e7\u00e3o de sucos, n\u00e9ctares, bebidas alco\u00f3licas em maior ou menor grau, preservam e tamb\u00e9m no setor&#8230;<\/p>\n","protected":false},"author":1,"featured_media":0,"parent":0,"menu_order":0,"comment_status":"closed","ping_status":"closed","template":"","meta":[],"yoast_head":"<!-- This site is optimized with the Yoast SEO plugin v16.9 - https:\/\/yoast.com\/wordpress\/plugins\/seo\/ -->\n<title>SETORES DE A\u00c7\u00daCAR L\u00cdQUIDO | Gamas Verdes<\/title>\n<meta name=\"description\" content=\"Principais setores para os quais nossa venda e distribui\u00e7\u00e3o de aditivos alimentares e a\u00e7\u00facar l\u00edquido \u00e9 direcionada.\" \/>\n<meta name=\"robots\" content=\"index, follow, max-snippet:-1, max-image-preview:large, max-video-preview:-1\" \/>\n<link rel=\"canonical\" href=\"https:\/\/gamasverdes.com\/pt-pt\/setores-de-acucar-liquido\/\" \/>\n<meta property=\"og:locale\" content=\"pt_PT\" \/>\n<meta property=\"og:type\" content=\"article\" \/>\n<meta property=\"og:title\" content=\"SETORES DE A\u00c7\u00daCAR L\u00cdQUIDO | Gamas Verdes\" \/>\n<meta property=\"og:description\" content=\"Principais setores para os quais nossa venda e distribui\u00e7\u00e3o de aditivos alimentares e a\u00e7\u00facar l\u00edquido \u00e9 direcionada.\" \/>\n<meta property=\"og:url\" content=\"https:\/\/gamasverdes.com\/pt-pt\/setores-de-acucar-liquido\/\" \/>\n<meta property=\"og:site_name\" content=\"Gamas Verdes\" \/>\n<meta property=\"article:modified_time\" content=\"2019-09-10T08:58:34+00:00\" \/>\n<meta property=\"og:image\" content=\"https:\/\/gamasverdes.com\/wp-content\/uploads\/2019\/08\/AZUCAR-PARA-BEBIDAS-ONLINE.jpeg\" \/>\n<meta name=\"twitter:card\" content=\"summary_large_image\" \/>\n<script type=\"application\/ld+json\" class=\"yoast-schema-graph\">{\"@context\":\"https:\/\/schema.org\",\"@graph\":[{\"@type\":\"Organization\",\"@id\":\"https:\/\/gamasverdes.com\/#organization\",\"name\":\"Gamas Verdes\",\"url\":\"https:\/\/gamasverdes.com\/\",\"sameAs\":[],\"logo\":{\"@type\":\"ImageObject\",\"@id\":\"https:\/\/gamasverdes.com\/#logo\",\"inLanguage\":\"pt-PT\",\"url\":\"https:\/\/gamasverdes.com\/wp-content\/uploads\/2019\/08\/gamas-verdes-azucar-aditivos.png\",\"contentUrl\":\"https:\/\/gamasverdes.com\/wp-content\/uploads\/2019\/08\/gamas-verdes-azucar-aditivos.png\",\"width\":305,\"height\":247,\"caption\":\"Gamas Verdes\"},\"image\":{\"@id\":\"https:\/\/gamasverdes.com\/#logo\"}},{\"@type\":\"WebSite\",\"@id\":\"https:\/\/gamasverdes.com\/#website\",\"url\":\"https:\/\/gamasverdes.com\/\",\"name\":\"Gamas Verdes\",\"description\":\"Az\\u00facares l\\u00edquidos, org\\u00e1nicos, aditivos alimentarios y aditivos ecol\\u00f3gicos.\",\"publisher\":{\"@id\":\"https:\/\/gamasverdes.com\/#organization\"},\"potentialAction\":[{\"@type\":\"SearchAction\",\"target\":{\"@type\":\"EntryPoint\",\"urlTemplate\":\"https:\/\/gamasverdes.com\/?s={search_term_string}\"},\"query-input\":\"required name=search_term_string\"}],\"inLanguage\":\"pt-PT\"},{\"@type\":\"ImageObject\",\"@id\":\"https:\/\/gamasverdes.com\/pt-pt\/setores-de-acucar-liquido\/#primaryimage\",\"inLanguage\":\"pt-PT\",\"url\":\"https:\/\/gamasverdes.com\/wp-content\/uploads\/2019\/08\/AZUCAR-PARA-BEBIDAS-ONLINE.jpeg\",\"contentUrl\":\"https:\/\/gamasverdes.com\/wp-content\/uploads\/2019\/08\/AZUCAR-PARA-BEBIDAS-ONLINE.jpeg\",\"width\":600,\"height\":450},{\"@type\":\"WebPage\",\"@id\":\"https:\/\/gamasverdes.com\/pt-pt\/setores-de-acucar-liquido\/#webpage\",\"url\":\"https:\/\/gamasverdes.com\/pt-pt\/setores-de-acucar-liquido\/\",\"name\":\"SETORES DE A\\u00c7\\u00daCAR L\\u00cdQUIDO | Gamas Verdes\",\"isPartOf\":{\"@id\":\"https:\/\/gamasverdes.com\/#website\"},\"primaryImageOfPage\":{\"@id\":\"https:\/\/gamasverdes.com\/pt-pt\/setores-de-acucar-liquido\/#primaryimage\"},\"datePublished\":\"2019-08-12T07:51:03+00:00\",\"dateModified\":\"2019-09-10T08:58:34+00:00\",\"description\":\"Principais setores para os quais nossa venda e distribui\\u00e7\\u00e3o de aditivos alimentares e a\\u00e7\\u00facar l\\u00edquido \\u00e9 direcionada.\",\"breadcrumb\":{\"@id\":\"https:\/\/gamasverdes.com\/pt-pt\/setores-de-acucar-liquido\/#breadcrumb\"},\"inLanguage\":\"pt-PT\",\"potentialAction\":[{\"@type\":\"ReadAction\",\"target\":[\"https:\/\/gamasverdes.com\/pt-pt\/setores-de-acucar-liquido\/\"]}]},{\"@type\":\"BreadcrumbList\",\"@id\":\"https:\/\/gamasverdes.com\/pt-pt\/setores-de-acucar-liquido\/#breadcrumb\",\"itemListElement\":[{\"@type\":\"ListItem\",\"position\":1,\"name\":\"Portada\",\"item\":\"https:\/\/gamasverdes.com\/pt-pt\/home\/\"},{\"@type\":\"ListItem\",\"position\":2,\"name\":\"SETORES DE A\\u00c7\\u00daCAR L\\u00cdQUIDO\"}]}]}<\/script>\n<!-- \/ Yoast SEO plugin. -->","yoast_head_json":{"title":"SETORES DE A\u00c7\u00daCAR L\u00cdQUIDO | Gamas Verdes","description":"Principais setores para os quais nossa venda e distribui\u00e7\u00e3o de aditivos alimentares e a\u00e7\u00facar l\u00edquido \u00e9 direcionada.","robots":{"index":"index","follow":"follow","max-snippet":"max-snippet:-1","max-image-preview":"max-image-preview:large","max-video-preview":"max-video-preview:-1"},"canonical":"https:\/\/gamasverdes.com\/pt-pt\/setores-de-acucar-liquido\/","og_locale":"pt_PT","og_type":"article","og_title":"SETORES DE A\u00c7\u00daCAR L\u00cdQUIDO | Gamas Verdes","og_description":"Principais setores para os quais nossa venda e distribui\u00e7\u00e3o de aditivos alimentares e a\u00e7\u00facar l\u00edquido \u00e9 direcionada.","og_url":"https:\/\/gamasverdes.com\/pt-pt\/setores-de-acucar-liquido\/","og_site_name":"Gamas Verdes","article_modified_time":"2019-09-10T08:58:34+00:00","og_image":[{"url":"https:\/\/gamasverdes.com\/wp-content\/uploads\/2019\/08\/AZUCAR-PARA-BEBIDAS-ONLINE.jpeg"}],"twitter_card":"summary_large_image","schema":{"@context":"https:\/\/schema.org","@graph":[{"@type":"Organization","@id":"https:\/\/gamasverdes.com\/#organization","name":"Gamas Verdes","url":"https:\/\/gamasverdes.com\/","sameAs":[],"logo":{"@type":"ImageObject","@id":"https:\/\/gamasverdes.com\/#logo","inLanguage":"pt-PT","url":"https:\/\/gamasverdes.com\/wp-content\/uploads\/2019\/08\/gamas-verdes-azucar-aditivos.png","contentUrl":"https:\/\/gamasverdes.com\/wp-content\/uploads\/2019\/08\/gamas-verdes-azucar-aditivos.png","width":305,"height":247,"caption":"Gamas Verdes"},"image":{"@id":"https:\/\/gamasverdes.com\/#logo"}},{"@type":"WebSite","@id":"https:\/\/gamasverdes.com\/#website","url":"https:\/\/gamasverdes.com\/","name":"Gamas Verdes","description":"Az\u00facares l\u00edquidos, org\u00e1nicos, aditivos alimentarios y aditivos ecol\u00f3gicos.","publisher":{"@id":"https:\/\/gamasverdes.com\/#organization"},"potentialAction":[{"@type":"SearchAction","target":{"@type":"EntryPoint","urlTemplate":"https:\/\/gamasverdes.com\/?s={search_term_string}"},"query-input":"required name=search_term_string"}],"inLanguage":"pt-PT"},{"@type":"ImageObject","@id":"https:\/\/gamasverdes.com\/pt-pt\/setores-de-acucar-liquido\/#primaryimage","inLanguage":"pt-PT","url":"https:\/\/gamasverdes.com\/wp-content\/uploads\/2019\/08\/AZUCAR-PARA-BEBIDAS-ONLINE.jpeg","contentUrl":"https:\/\/gamasverdes.com\/wp-content\/uploads\/2019\/08\/AZUCAR-PARA-BEBIDAS-ONLINE.jpeg","width":600,"height":450},{"@type":"WebPage","@id":"https:\/\/gamasverdes.com\/pt-pt\/setores-de-acucar-liquido\/#webpage","url":"https:\/\/gamasverdes.com\/pt-pt\/setores-de-acucar-liquido\/","name":"SETORES DE A\u00c7\u00daCAR L\u00cdQUIDO | Gamas Verdes","isPartOf":{"@id":"https:\/\/gamasverdes.com\/#website"},"primaryImageOfPage":{"@id":"https:\/\/gamasverdes.com\/pt-pt\/setores-de-acucar-liquido\/#primaryimage"},"datePublished":"2019-08-12T07:51:03+00:00","dateModified":"2019-09-10T08:58:34+00:00","description":"Principais setores para os quais nossa venda e distribui\u00e7\u00e3o de aditivos alimentares e a\u00e7\u00facar l\u00edquido \u00e9 direcionada.","breadcrumb":{"@id":"https:\/\/gamasverdes.com\/pt-pt\/setores-de-acucar-liquido\/#breadcrumb"},"inLanguage":"pt-PT","potentialAction":[{"@type":"ReadAction","target":["https:\/\/gamasverdes.com\/pt-pt\/setores-de-acucar-liquido\/"]}]},{"@type":"BreadcrumbList","@id":"https:\/\/gamasverdes.com\/pt-pt\/setores-de-acucar-liquido\/#breadcrumb","itemListElement":[{"@type":"ListItem","position":1,"name":"Portada","item":"https:\/\/gamasverdes.com\/pt-pt\/home\/"},{"@type":"ListItem","position":2,"name":"SETORES DE A\u00c7\u00daCAR L\u00cdQUIDO"}]}]}},"_links":{"self":[{"href":"https:\/\/gamasverdes.com\/pt-pt\/wp-json\/wp\/v2\/pages\/580"}],"collection":[{"href":"https:\/\/gamasverdes.com\/pt-pt\/wp-json\/wp\/v2\/pages"}],"about":[{"href":"https:\/\/gamasverdes.com\/pt-pt\/wp-json\/wp\/v2\/types\/page"}],"author":[{"embeddable":true,"href":"https:\/\/gamasverdes.com\/pt-pt\/wp-json\/wp\/v2\/users\/1"}],"replies":[{"embeddable":true,"href":"https:\/\/gamasverdes.com\/pt-pt\/wp-json\/wp\/v2\/comments?post=580"}],"version-history":[{"count":0,"href":"https:\/\/gamasverdes.com\/pt-pt\/wp-json\/wp\/v2\/pages\/580\/revisions"}],"wp:attachment":[{"href":"https:\/\/gamasverdes.com\/pt-pt\/wp-json\/wp\/v2\/media?parent=580"}],"curies":[{"name":"wp","href":"https:\/\/api.w.org\/{rel}","templated":true}]}}